{"id":1681,"date":"2019-02-02T19:39:20","date_gmt":"2019-02-02T18:39:20","guid":{"rendered":"http:\/\/sg-mtg-psv-ma.de\/?page_id=1681"},"modified":"2025-09-23T16:15:19","modified_gmt":"2025-09-23T15:15:19","slug":"datenschutzerklaerung","status":"publish","type":"page","link":"http:\/\/sg-mtg-psv-ma.de\/?page_id=1681","title":{"rendered":"Impressum \/ Datenschutzerkl\u00e4rung"},"content":{"rendered":"\n<h2 class=\"wp-block-heading\">Angaben gem\u00e4\u00df \u00a75 TMG:<\/h2>\n\n\n\n<h2 class=\"wp-block-heading\">Wir sind eine Spielgemeinschaft der Handballabteilungen von MTG und PSV Mannheim<\/h2>\n\n\n\n<p>Die Adresse unserer Website ist: www.sg-mtg-psv-ma.de.<\/p>\n\n\n\n<p>Die verantwortliche Stelle f\u00fcr die Datenverarbeitung auf dieser Website ist:<\/p>\n\n\n\n<p><strong>SG MTG\/PSV Mannheim<\/strong><\/p>\n\n\n\n<p><strong>Kontakt<\/strong>:<br>Abteilungsleiterin: Anke Degner, Waldparkstr. 25, 68163 Mannheim<br>Tel. +49174-3155897 Telefax: +49 (0) 621 8321449 Mail: handballinmannheim(at)gmail.com<\/p>\n\n\n\n<p><strong>Verbraucherstreitbeilegung\/Universalschlichtungsstelle<\/strong><\/p>\n\n\n\n<p>Wir sind nicht bereit oder verpflichtet, an Streitbeilegungsverfahren vor einer Verbraucherschlichtungsstelle teilzunehmen.<\/p>\n\n\n\n<h2 class=\"wp-block-heading\">Welche personenbezogenen Daten wir sammeln und warum wir sie sammeln<\/h2>\n\n\n\n<p>Wir verlangen keine Registrierung von personenbezogenen Daten und speichern auch keine eben solche.<\/p>\n\n\n\n<p>Ver\u00f6ffentliche Bilder entsprechen den Datenschutzbestimmungen und Urheberrechten bzw. sind vom Eigent\u00fcmer freigegeben.<\/p>\n\n\n\n<h3 class=\"wp-block-heading\">Kommentare<\/h3>\n\n\n\n<p>Wenn Besucher Kommentare auf der Website schreiben, sammeln wir die Daten, die im Kommentar-Formular angezeigt werden, au\u00dferdem die IP-Adresse des Besuchers und den User-Agent-String (damit wird der Browser identifiziert), um die Erkennung von Spam zu unterst\u00fctzen.<\/p>\n\n\n\n<p>Aus deiner E-Mail-Adresse kann eine anonymisierte Zeichenfolge erstellt (auch Hash genannt) und dem Gravatar-Dienst \u00fcbergeben werden, um zu pr\u00fcfen, ob du diesen benutzt. Die Datenschutzerkl\u00e4rung des Gravatar-Dienstes findest du hier: https:\/\/automattic.com\/privacy\/. Nachdem dein Kommentar freigegeben wurde, ist dein Inhalt \u00f6ffentlich im Kontext deines Kommentars sichtbar.<\/p>\n\n\n\n<h2 class=\"wp-block-heading\">Wie lange wir deine Daten speichern<\/h2>\n\n\n\n<p>Wenn du einen Kommentar schreibst, wird dieser inklusive Metadaten zeitlich unbegrenzt gespeichert. Auf diese Art k\u00f6nnen wir Folgekommentare automatisch erkennen und freigeben, anstelle sie in einer Moderations-Warteschlange festzuhalten. Zwingende gesetzliche Bestimmungen \u2013 insbesondere Aufbewahrungsfristen \u2013 bleiben unber\u00fchrt.<\/p>\n\n\n\n<h2 class=\"wp-block-heading\">Wohin wir deine Daten senden<\/h2>\n\n\n\n<p>Besucher-Kommentare k\u00f6nnten von einem automatisierten Dienst zur Spam-Erkennung untersucht werden.<\/p>\n\n\n\n<h2 class=\"wp-block-heading\">Widerspruch gegen Werbe-E-Mails<\/h2>\n\n\n\n<p>Der Nutzung von im Rahmen der Impressumspflicht ver\u00f6ffentlichten Kontaktdaten zur \u00dcbersendung von nicht ausdr\u00fccklich angeforderter Werbung und Informationsmaterialien wird hiermit widersprochen. Die Betreiber der Seiten behalten sich ausdr\u00fccklich rechtliche Schritte im Falle der unverlangten Zusendung von Werbeinformationen, etwa durch Spam-E-Mails, vor.<\/p>\n\n\n\n<h2 class=\"wp-block-heading\">Links<\/h2>\n\n\n\n<p>Unser Angebot enth\u00e4lt Links zu externen Websites Dritter, auf deren Inhalte wir keinen Einfluss haben. Deshalb k\u00f6nnen wir f\u00fcr diese fremden Inhalte auch keine Gew\u00e4hr \u00fcbernehmen. F\u00fcr die Inhalte der verlinkten Seiten ist stets der jeweilige Anbieter oder Betreiber der Seiten verantwortlich. Die verlinkten Seiten wurden zum Zeitpunkt der Verlinkung auf m\u00f6gliche Rechtsverst\u00f6\u00dfe \u00fcberpr\u00fcft. Rechtswidrige Inhalte waren zum Zeitpunkt der Verlinkung nicht erkennbar. Eine permanente inhaltliche Kontrolle der verlinkten Seiten ist jedoch ohne konkrete Anhaltspunkte einer Rechtsverletzung nicht zumutbar. Bei Bekanntwerden von Rechtsverletzungen werden wir derartige Links umgehend entfernen.<\/p>\n\n\n\n<h2 class=\"wp-block-heading\">Soziale Medien<\/h2>\n\n\n\n<p><strong>Facebook<\/strong> Plugin<\/p>\n\n\n\n<p>Auf dieser Website sind Plugins des sozialen Netzwerks Facebook integriert. Anbieter dieses Dienstes ist die Meta Platforms Ireland Limited, 4 Grand Canal Square, Dublin 2, Irland. Die erfassten Daten werden nach Aussage von Facebook jedoch auch in die USA und in andere Drittl\u00e4nder \u00fcbertragen.<\/p>\n\n\n\n<p>Die Facebook Plugins erkennen Sie an dem Facebook-Logo oder dem \u201eLike-Button\u201c (\u201eGef\u00e4llt mir\u201c) auf dieser Website. Eine \u00dcbersicht \u00fcber die Facebook Plugins finden Sie hier: https:\/\/developers.facebook.com\/docs\/plugins\/?locale=de_DE.<\/p>\n\n\n\n<p>Wenn Sie diese Website besuchen, wird \u00fcber das Plugin eine direkte Verbindung zwischen Ihrem Browser und dem Facebook-Server hergestellt. Facebook erh\u00e4lt dadurch die Information, dass Sie mit Ihrer IP- Adresse diese Website besucht haben. Wenn Sie den Facebook \u201eLike-Button\u201c anklicken, w\u00e4hrend Sie in Ihrem Facebook-Account eingeloggt sind, k\u00f6nnen Sie die Inhalte dieser Website auf Ihrem Facebook-Profil verlinken. Dadurch kann Facebook den Besuch dieser Website Ihrem Benutzerkonto zuordnen. Wir weisen darauf hin, dass wir als Anbieter der Seiten keine Kenntnis vom Inhalt der \u00fcbermittelten Daten sowie deren Nutzung durch Facebook erhalten. Weitere Informationen hierzu finden Sie in der Datenschutzerkl\u00e4rung von Facebook unter: <a href=\"https:\/\/de-de.facebook.com\/privacy\/explanation.\">https:\/\/de-de.facebook.com\/privacy\/explanation.<\/a><\/p>\n\n\n\n<p>Wenn Sie nicht w\u00fcnschen, dass Facebook den Besuch dieser Website Ihrem Facebook-Nutzerkonto zuordnen kann, loggen Sie sich bitte aus Ihrem Facebook-Benutzerkonto aus.<\/p>\n\n\n\n<p>Die Verwendung der Facebook Plugins erfolgt auf Grundlage von Art. 6 Abs. 1 lit. f DSGVO. Der Websitebetreiber hat ein berechtigtes Interesse an einer m\u00f6glichst umfangreichen Sichtbarkeit in den Sozialen Medien. Sofern eine entsprechende Einwilligung abgefragt wurde, erfolgt die Verarbeitung ausschlie\u00dflich auf Grundlage von Art. 6 Abs. 1 lit. a DSGVO und \u00a7 25 Abs. 1 TTDSG, soweit die Einwilligung die Speicherung von Cookies oder den Zugriff auf Informationen im Endger\u00e4t des Nutzers (z. B. Device- Fingerprinting) im Sinne des TTDSG umfasst. Die Einwilligung ist jederzeit widerrufbar.<\/p>\n\n\n\n<p>Soweit mit Hilfe des hier beschriebenen Tools personenbezogene Daten auf unserer Website erfasst und an Facebook weitergeleitet werden, sind wir und die Meta Platforms Ireland Limited, 4 Grand Canal Square, Grand Canal Harbour, Dublin 2, Irland gemeinsam f\u00fcr diese Datenverarbeitung verantwortlich (Art. 26 DSGVO). Die gemeinsame Verantwortlichkeit beschr\u00e4nkt sich dabei ausschlie\u00dflich auf die Erfassung der Daten und deren Weitergabe an Facebook. Die nach der Weiterleitung erfolgende Verarbeitung durch Facebook ist nicht Teil der gemeinsamen Verantwortung. Die uns gemeinsam obliegenden Verpflichtungen wurden in einer Vereinbarung \u00fcber gemeinsame Verarbeitung festgehalten. Den Wortlaut der Vereinbarung finden Sie unter:<\/p>\n\n\n\n<p>https:\/\/www.facebook.com\/legal\/controller_addendum. Laut dieser Vereinbarung sind wir f\u00fcr die Erteilung der Datenschutzinformationen beim Einsatz des Facebook-Tools und f\u00fcr die datenschutzrechtlich sichere Implementierung des Tools auf unserer Website verantwortlich. F\u00fcr die Datensicherheit der Facebook- Produkte ist Facebook verantwortlich. Betroffenenrechte (z. B. Auskunftsersuchen) hinsichtlich der bei Facebook verarbeiteten Daten k\u00f6nnen Sie direkt bei Facebook geltend machen. Wenn Sie die Betroffenenrechte bei uns geltend machen, sind wir verpflichtet, diese an Facebook weiterzuleiten.<\/p>\n\n\n\n<p>Die Daten\u00fcbertragung in die USA wird auf die Standardvertragsklauseln der EU-Kommission gest\u00fctzt. Details finden Sie hier:<\/p>\n\n\n\n<p>https:\/\/www.facebook.com\/legal\/EU_data_transfer_addendum, https:\/\/de-de.facebook.com\/help\/566994660333381<\/p>\n\n\n\n<p><strong>Instagram<\/strong> Plugin<\/p>\n\n\n\n<p>Auf dieser Website sind Funktionen des Dienstes Instagram eingebunden. Diese Funktionen werden angeboten durch die Meta Platforms Ireland Limited, 4 Grand Canal Square, Grand Canal Harbour, Dublin 2, Irland integriert.<\/p>\n\n\n\n<p>Wenn Sie in Ihrem Instagram-Account eingeloggt sind, k\u00f6nnen Sie durch Anklicken des Instagram-Buttons die Inhalte dieser Website mit Ihrem Instagram-Profil verlinken. Dadurch kann Instagram den Besuch dieser Website Ihrem Benutzerkonto zuordnen. Wir weisen darauf hin, dass wir als Anbieter der Seiten keine Kenntnis vom Inhalt der \u00fcbermittelten Daten sowie deren Nutzung durch Instagram erhalten.<\/p>\n\n\n\n<p>Die Speicherung und Analyse der Daten erfolgt auf Grundlage von Art. 6 Abs. 1 lit. f DSGVO. Der Websitebetreiber hat ein berechtigtes Interesse an einer m\u00f6glichst umfangreichen Sichtbarkeit in den Sozialen Medien. Sofern eine entsprechende Einwilligung abgefragt wurde, erfolgt die Verarbeitung ausschlie\u00dflich auf Grundlage von Art. 6 Abs. 1 lit. a DSGVO und \u00a7 25 Abs. 1 TTDSG, soweit die Einwilligung die Speicherung von Cookies oder den Zugriff auf Informationen im Endger\u00e4t des Nutzers (z. B. Device- Fingerprinting) im Sinne des TTDSG umfasst. Die Einwilligung ist jederzeit widerrufbar.<\/p>\n\n\n\n<p>Soweit mit Hilfe des hier beschriebenen Tools personenbezogene Daten auf unserer Website erfasst und an Facebook bzw. Instagram weitergeleitet werden, sind wir und die Meta Platforms Ireland Limited, 4 Grand Canal Square, Grand Canal Harbour, Dublin 2, Irland gemeinsam f\u00fcr diese Datenverarbeitung verantwortlich (Art. 26 DSGVO). Die gemeinsame Verantwortlichkeit beschr\u00e4nkt sich dabei ausschlie\u00dflich auf die Erfassung der Daten und deren Weitergabe an Facebook bzw. Instagram. Die nach der Weiterleitung erfolgende Verarbeitung durch Facebook bzw. Instagram ist nicht Teil der gemeinsamen Verantwortung. Die uns gemeinsam obliegenden Verpflichtungen wurden in einer Vereinbarung \u00fcber gemeinsame Verarbeitung festgehalten. Den Wortlaut der Vereinbarung finden Sie unter: https:\/\/www.facebook.com\/legal\/controller_addendum. Laut dieser Vereinbarung sind wir f\u00fcr die Erteilung der Datenschutzinformationen beim Einsatz des Facebook- bzw. Instagram-Tools und f\u00fcr die datenschutzrechtlich sichere Implementierung des Tools auf unserer Website verantwortlich. F\u00fcr die Datensicherheit der Facebook bzw. Instagram-Produkte ist Facebook verantwortlich. Betroffenenrechte (z. B. Auskunftsersuchen) hinsichtlich der bei Facebook bzw. Instagram verarbeiteten Daten k\u00f6nnen Sie direkt bei Facebook geltend machen. Wenn Sie die Betroffenenrechte bei uns geltend machen, sind wir verpflichtet, diese an Facebook weiterzuleiten. Die Daten\u00fcbertragung in die USA wird auf die Standardvertragsklauseln der EU-Kommission gest\u00fctzt. Details finden Sie hier: https:\/\/www.facebook.com\/legal\/EU_data_transfer_addendum, https:\/\/help.instagram.com\/519522125107875 und https:\/\/de-de.facebook.com\/help\/566994660333381. Weitere Informationen hierzu finden Sie in der Datenschutzerkl\u00e4rung von Instagram: https:\/\/instagram.com\/about\/legal\/privacy\/.<\/p>\n\n\n\n<p>Analyse-Tool <strong>WP Statistics<\/strong><\/p>\n\n\n\n<p>Diese Website nutzt das Analysetool WP Statistics, um Besucherzugriffe statistisch auszuwerten. Anbieter ist Veronalabs, ARENCO Tower, 27th Floor, Dubai Media City, Dubai, Dubai 23816, UAE ( https:\/\/veronalabs.com). Mit WP Statistics k\u00f6nnen wir die Nutzung unserer Website analysieren. WP Statistics erfasst dabei u. a. Logdateien (IP-Adresse, Referrer, verwendete Browser, Herkunft des Nutzers, verwendete Suchmaschine) und Aktionen, die die Websitebesucher auf der Seite get\u00e4tigt haben (z. B. Klicks und Ansichten).<\/p>\n\n\n\n<p>Die mit WP Statistics erfassten Daten werden ausschlie\u00dflich auf unserem eigenen Server gespeichert.<\/p>\n\n\n\n<p>Die Nutzung dieses Analyse-Tools erfolgt auf Grundlage von Art. 6 Abs. 1 lit. f DSGVO. Wir haben ein berechtigtes Interesse an der anonymisierten Analyse des Nutzerverhaltens, um sowohl unser Webangebot als auch unsere Werbung zu optimieren. Sofern eine entsprechende Einwilligung abgefragt wurde, erfolgt die Verarbeitung ausschlie\u00dflich auf Grundlage von Art. 6 Abs. 1 lit. a DSGVO und \u00a7 25 Abs. 1 TTDSG, soweit die Einwilligung die Speicherung von Cookies oder den Zugriff auf Informationen im Endger\u00e4t des Nutzers (z. B. Device-Fingerprinting) im Sinne des TTDSG umfasst. Die Einwilligung ist jederzeit widerrufbar.<\/p>\n\n\n\n<p><strong>IP-Anonymisierung<\/strong><\/p>\n\n\n\n<p>Wir verwenden WP Statistics mit anonymisierter IP. Ihre IP-Adresse wird dabei gek\u00fcrzt, sodass diese Ihnen nicht mehr direkt zugeordnet werden kann.<\/p>\n\n\n\n<p>Plugins und Tools <strong>Google Maps<\/strong><\/p>\n\n\n\n<p>Diese Seite nutzt den Kartendienst Google Maps. Anbieter ist die Google Ireland Limited (\u201eGoogle\u201c), Gordon House, Barrow Street, Dublin 4, Irland.<\/p>\n\n\n\n<p>Zur Nutzung der Funktionen von Google Maps ist es notwendig, Ihre IP-Adresse zu speichern. Diese Informationen werden in der Regel an einen Server von Google in den USA \u00fcbertragen und dort gespeichert. Der Anbieter dieser Seite hat keinen Einfluss auf diese Daten\u00fcbertragung. Wenn Google Maps aktiviert ist, kann Google zum Zwecke der einheitlichen Darstellung der Schriftarten Google Web Fonts verwenden. Beim Aufruf von Google Maps l\u00e4dt Ihr Browser die ben\u00f6tigten Web Fonts in ihren Browsercache, um Texte und Schriftarten korrekt anzuzeigen.<\/p>\n\n\n\n<p>Die Nutzung von Google Maps erfolgt im Interesse einer ansprechenden Darstellung unserer Online- Angebote und an einer leichten Auffindbarkeit der von uns auf der Website angegebenen Orte. Dies stellt ein berechtigtes Interesse im Sinne von Art. 6 Abs. 1 lit. f DSGVO dar. Sofern eine entsprechende Einwilligung abgefragt wurde, erfolgt die Verarbeitung ausschlie\u00dflich auf Grundlage von Art. 6 Abs. 1 lit. a DSGVO und \u00a7 25 Abs. 1 TTDSG, soweit die Einwilligung die Speicherung von Cookies oder den Zugriff auf Informationen im Endger\u00e4t des Nutzers (z. B. Device-Fingerprinting) im Sinne des TTDSG umfasst. Die Einwilligung ist jederzeit widerrufbar.<\/p>\n\n\n\n<p>Die Daten\u00fcbertragung in die USA wird auf die Standardvertragsklauseln der EU-Kommission gest\u00fctzt. Details finden Sie hier: https:\/\/privacy.google.com\/businesses\/gdprcontrollerterms\/ und https:\/\/privacy.google.com\/businesses\/gdprcontrollerterms\/sccs\/. Mehr Informationen zum Umgang mit Nutzerdaten finden Sie in der Datenschutzerkl\u00e4rung von Google: https:\/\/policies.google.com\/privacy?hl=de.<\/p>\n\n\n\n<p><strong>Handball.net Widgets<\/strong><\/p>\n\n\n\n<p>Diese Webseite bindet Widgets von handball.net (<a href=\"http:\/\/www.handball.net\/?ref=deutscher-handballbund-e-v.ghost.io\">www.handball.net<\/a>) ein. Der Browser ruft direkt die Server von handball.net auf. Handball.net erstellt anonymisierte Aufrufstatistiken und speichert alle Zugriffe f\u00fcr maximal 3 Monate.<\/p>\n","protected":false},"excerpt":{"rendered":"<p>Angaben gem\u00e4\u00df \u00a75 TMG: Wir sind eine Spielgemeinschaft der Handballabteilungen von MTG und PSV Mannheim Die Adresse unserer Website ist: www.sg-mtg-psv-ma.de. Die verantwortliche Stelle f\u00fcr [&hellip;]<\/p>\n","protected":false},"author":3,"featured_media":0,"parent":0,"menu_order":0,"comment_status":"closed","ping_status":"closed","template":"","meta":{"footnotes":""},"class_list":["post-1681","page","type-page","status-publish","hentry","post"],"_links":{"self":[{"href":"http:\/\/sg-mtg-psv-ma.de\/index.php?rest_route=\/wp\/v2\/pages\/1681","targetHints":{"allow":["GET"]}}],"collection":[{"href":"http:\/\/sg-mtg-psv-ma.de\/index.php?rest_route=\/wp\/v2\/pages"}],"about":[{"href":"http:\/\/sg-mtg-psv-ma.de\/index.php?rest_route=\/wp\/v2\/types\/page"}],"author":[{"embeddable":true,"href":"http:\/\/sg-mtg-psv-ma.de\/index.php?rest_route=\/wp\/v2\/users\/3"}],"replies":[{"embeddable":true,"href":"http:\/\/sg-mtg-psv-ma.de\/index.php?rest_route=%2Fwp%2Fv2%2Fcomments&post=1681"}],"version-history":[{"count":10,"href":"http:\/\/sg-mtg-psv-ma.de\/index.php?rest_route=\/wp\/v2\/pages\/1681\/revisions"}],"predecessor-version":[{"id":4799,"href":"http:\/\/sg-mtg-psv-ma.de\/index.php?rest_route=\/wp\/v2\/pages\/1681\/revisions\/4799"}],"wp:attachment":[{"href":"http:\/\/sg-mtg-psv-ma.de\/index.php?rest_route=%2Fwp%2Fv2%2Fmedia&parent=1681"}],"curies":[{"name":"wp","href":"https:\/\/api.w.org\/{rel}","templated":true}]}}