{"id":1853,"date":"2019-05-10T18:08:23","date_gmt":"2019-05-10T17:08:23","guid":{"rendered":"http:\/\/sg-mtg-psv-ma.de\/?page_id=1853"},"modified":"2022-08-19T14:35:52","modified_gmt":"2022-08-19T13:35:52","slug":"damen-1","status":"publish","type":"page","link":"http:\/\/sg-mtg-psv-ma.de\/?page_id=1853","title":{"rendered":"Damen 1 &#8211; 21\/22"},"content":{"rendered":"<div id=\"pl-gb1853-69f5b6bc21d21\"  class=\"panel-layout\" ><div id=\"pg-gb1853-69f5b6bc21d21-0\"  class=\"panel-grid panel-no-style\" ><div id=\"pgc-gb1853-69f5b6bc21d21-0-0\"  class=\"panel-grid-cell\" ><div id=\"panel-gb1853-69f5b6bc21d21-0-0-0\" class=\"so-panel widget widget_sow-post-carousel panel-first-child panel-last-child\" data-index=\"0\" ><div\n\t\t\t\n\t\t\tclass=\"so-widget-sow-post-carousel so-widget-sow-post-carousel-base-ad93eedad001-1853\"\n\t\t\t\n\t\t>\t<div\n\t\tclass=\"sow-post-carousel-wrapper sow-post-carousel-theme-base\"\n\t\tstyle=\"overflow: hidden; max-width: 100%; min-height: 182px\"\n\t>\n\t\t<div class=\"sow-carousel-title\">\n\t\t\t<div class=\"sow-carousel-navigation \">\n\t\t\t\t\t\t<a href=\"#\" class=\"sow-carousel-next\" title=\"Next\" aria-label=\"Next Posts\" role=\"button\"><\/a>\n\t\t\t\t\t\t<a href=\"#\" class=\"sow-carousel-previous\" title=\"Previous\" aria-label=\"Previous Posts\" role=\"button\"><\/a>\n\t\t\t\t\t<\/div>\n\t<\/div>\n\n<div class=\"sow-carousel-container \">\n\t\t<div class=\"sow-carousel-wrapper\"\n\t\tdata-dir=\"ltr\"\n\t\tstyle=\"opacity: 0;\"\n\t\tdata-widget=\"post\" data-fetching=\"false\" data-page=\"1\" data-ajax-url=\"http:\/\/sg-mtg-psv-ma.de\/wp-admin\/admin-ajax.php?_widgets_nonce=92c0f20751\" data-item_count=\"100\" data-carousel_settings=\"{&quot;loop&quot;:true,&quot;animation&quot;:&quot;Ease&quot;,&quot;animation_speed&quot;:400,&quot;autoplay&quot;:&quot;&quot;,&quot;pauseOnHover&quot;:&quot;&quot;,&quot;autoplaySpeed&quot;:8000,&quot;item_overflow&quot;:true,&quot;autoplay_continuous_scroll&quot;:false}\" data-responsive=\"{&quot;desktop_slides_to_scroll&quot;:1,&quot;tablet_landscape_breakpoint&quot;:1366,&quot;tablet_landscape_slides_to_scroll&quot;:2,&quot;tablet_portrait_breakpoint&quot;:1025,&quot;tablet_portrait_slides_to_scroll&quot;:2,&quot;mobile_breakpoint&quot;:480,&quot;mobile_slides_to_scroll&quot;:1}\" data-variable_width=\"true\" \t>\n\t\t<div\n\t\t\tclass=\"sow-carousel-items\"\n\t\t\t\t\t>\n\t\t\t\t<div class=\"sow-carousel-item\" tabindex=\"-1\" style=\"float: left;\">\n\t\t<div class=\"sow-carousel-thumbnail\">\n\t\t\t\t\t\t\t<a\n\t\t\t\t\thref=\"http:\/\/sg-mtg-psv-ma.de\/?p=4892\"\n\t\t\t\t\t\t\t\t\t\tstyle=\"background-image: url( http:\/\/sg-mtg-psv-ma.de\/wp-content\/uploads\/2026\/03\/27-29-272x182.webp )\"\n\t\t\t\t\taria-labelledby=\"sow-carousel-id-4892\"\n\t\t\t\t\ttabindex=\"-1\"\n\t\t\t\t>\n\t\t\t\t\t<span class=\"overlay\"><\/span>\n\t\t\t\t<\/a>\n\t\t\t\t\t<\/div>\n\t\t<h3 class=\"sow-carousel-item-title\">\n\t\t\t<a\n\t\t\t\thref=\"http:\/\/sg-mtg-psv-ma.de\/?p=4892\"\n\t\t\t\tid=\"sow-carousel-id-4892\"\n\t\t\t\t\t\t\t\ttabindex=\"-1\"\n\t\t\t>\n\n\t\t\t\tD1: Starker Ausw\u00e4rtssieg in Ilvesheim\t\t\t<\/a>\n\t\t<\/h3>\n\t<\/div>\n\t\t<div class=\"sow-carousel-item\" tabindex=\"-1\" style=\"float: left;\">\n\t\t<div class=\"sow-carousel-thumbnail\">\n\t\t\t\t\t\t\t<a\n\t\t\t\t\thref=\"http:\/\/sg-mtg-psv-ma.de\/?p=4887\"\n\t\t\t\t\t\t\t\t\t\tstyle=\"background-image: url( http:\/\/sg-mtg-psv-ma.de\/wp-content\/uploads\/2026\/03\/29-38-272x182.jpg )\"\n\t\t\t\t\taria-labelledby=\"sow-carousel-id-4887\"\n\t\t\t\t\ttabindex=\"-1\"\n\t\t\t\t>\n\t\t\t\t\t<span class=\"overlay\"><\/span>\n\t\t\t\t<\/a>\n\t\t\t\t\t<\/div>\n\t\t<h3 class=\"sow-carousel-item-title\">\n\t\t\t<a\n\t\t\t\thref=\"http:\/\/sg-mtg-psv-ma.de\/?p=4887\"\n\t\t\t\tid=\"sow-carousel-id-4887\"\n\t\t\t\t\t\t\t\ttabindex=\"-1\"\n\t\t\t>\n\n\t\t\t\tD1: Deutliche Heimschlappe trotz 11 Tore von Dilara\t\t\t<\/a>\n\t\t<\/h3>\n\t<\/div>\n\t\t<div class=\"sow-carousel-item\" tabindex=\"-1\" style=\"float: left;\">\n\t\t<div class=\"sow-carousel-thumbnail\">\n\t\t\t\t\t\t\t<a\n\t\t\t\t\thref=\"http:\/\/sg-mtg-psv-ma.de\/?p=4882\"\n\t\t\t\t\t\t\t\t\t\tstyle=\"background-image: url( http:\/\/sg-mtg-psv-ma.de\/wp-content\/uploads\/2026\/02\/25-17-4-272x182.jpg )\"\n\t\t\t\t\taria-labelledby=\"sow-carousel-id-4882\"\n\t\t\t\t\ttabindex=\"-1\"\n\t\t\t\t>\n\t\t\t\t\t<span class=\"overlay\"><\/span>\n\t\t\t\t<\/a>\n\t\t\t\t\t<\/div>\n\t\t<h3 class=\"sow-carousel-item-title\">\n\t\t\t<a\n\t\t\t\thref=\"http:\/\/sg-mtg-psv-ma.de\/?p=4882\"\n\t\t\t\tid=\"sow-carousel-id-4882\"\n\t\t\t\t\t\t\t\ttabindex=\"-1\"\n\t\t\t>\n\n\t\t\t\tD1: \u00dcBERZEUGENDER HEIMSIEG\t\t\t<\/a>\n\t\t<\/h3>\n\t<\/div>\n\t\t<div class=\"sow-carousel-item\" tabindex=\"-1\" style=\"float: left;\">\n\t\t<div class=\"sow-carousel-thumbnail\">\n\t\t\t\t\t\t\t<a\n\t\t\t\t\thref=\"http:\/\/sg-mtg-psv-ma.de\/?p=4877\"\n\t\t\t\t\tclass=\"sow-carousel-default-thumbnail\"\n\t\t\t\t\t\t\t\t\t\t\t\t\t\t\taria-labelledby=\"sow-carousel-id-4877\"\n\t\t\t\t\ttabindex=\"-1\"\n\t\t\t\t>\n\t\t\t\t\t<span class=\"overlay\"><\/span>\n\t\t\t\t<\/a>\n\t\t\t\t\t<\/div>\n\t\t<h3 class=\"sow-carousel-item-title\">\n\t\t\t<a\n\t\t\t\thref=\"http:\/\/sg-mtg-psv-ma.de\/?p=4877\"\n\t\t\t\tid=\"sow-carousel-id-4877\"\n\t\t\t\t\t\t\t\ttabindex=\"-1\"\n\t\t\t>\n\n\t\t\t\tD1: Deutliche Niederlage im R\u00fcckspiel gegen die SG HD-Kirchheim\t\t\t<\/a>\n\t\t<\/h3>\n\t<\/div>\n\t\t<div class=\"sow-carousel-item\" tabindex=\"-1\" style=\"float: left;\">\n\t\t<div class=\"sow-carousel-thumbnail\">\n\t\t\t\t\t\t\t<a\n\t\t\t\t\thref=\"http:\/\/sg-mtg-psv-ma.de\/?p=4869\"\n\t\t\t\t\t\t\t\t\t\tstyle=\"background-image: url( http:\/\/sg-mtg-psv-ma.de\/wp-content\/uploads\/2026\/01\/d1af2e45-cf60-4ade-a42d-26d6f496a1f9-e1768213187532-272x182.webp )\"\n\t\t\t\t\taria-labelledby=\"sow-carousel-id-4869\"\n\t\t\t\t\ttabindex=\"-1\"\n\t\t\t\t>\n\t\t\t\t\t<span class=\"overlay\"><\/span>\n\t\t\t\t<\/a>\n\t\t\t\t\t<\/div>\n\t\t<h3 class=\"sow-carousel-item-title\">\n\t\t\t<a\n\t\t\t\thref=\"http:\/\/sg-mtg-psv-ma.de\/?p=4869\"\n\t\t\t\tid=\"sow-carousel-id-4869\"\n\t\t\t\t\t\t\t\ttabindex=\"-1\"\n\t\t\t>\n\n\t\t\t\tD1: Deutliche Niederlage nach der Winterpause gegen HSG Bergstra\u00dfe mit\u00a020:32 (12:13)\t\t\t<\/a>\n\t\t<\/h3>\n\t<\/div>\n\t\t<div class=\"sow-carousel-item\" tabindex=\"-1\" style=\"float: left;\">\n\t\t<div class=\"sow-carousel-thumbnail\">\n\t\t\t\t\t\t\t<a\n\t\t\t\t\thref=\"http:\/\/sg-mtg-psv-ma.de\/?p=4863\"\n\t\t\t\t\t\t\t\t\t\tstyle=\"background-image: url( http:\/\/sg-mtg-psv-ma.de\/wp-content\/uploads\/2025\/12\/D1-251214-e1768213143970-272x182.jpeg )\"\n\t\t\t\t\taria-labelledby=\"sow-carousel-id-4863\"\n\t\t\t\t\ttabindex=\"-1\"\n\t\t\t\t>\n\t\t\t\t\t<span class=\"overlay\"><\/span>\n\t\t\t\t<\/a>\n\t\t\t\t\t<\/div>\n\t\t<h3 class=\"sow-carousel-item-title\">\n\t\t\t<a\n\t\t\t\thref=\"http:\/\/sg-mtg-psv-ma.de\/?p=4863\"\n\t\t\t\tid=\"sow-carousel-id-4863\"\n\t\t\t\t\t\t\t\ttabindex=\"-1\"\n\t\t\t>\n\n\t\t\t\tD1: \u00dcberzeugender Ausw\u00e4rtssieg in Heidelberg\t\t\t<\/a>\n\t\t<\/h3>\n\t<\/div>\n\t\t<div class=\"sow-carousel-item\" tabindex=\"-1\" style=\"float: left;\">\n\t\t<div class=\"sow-carousel-thumbnail\">\n\t\t\t\t\t\t\t<a\n\t\t\t\t\thref=\"http:\/\/sg-mtg-psv-ma.de\/?p=4861\"\n\t\t\t\t\tclass=\"sow-carousel-default-thumbnail\"\n\t\t\t\t\t\t\t\t\t\t\t\t\t\t\taria-labelledby=\"sow-carousel-id-4861\"\n\t\t\t\t\ttabindex=\"-1\"\n\t\t\t\t>\n\t\t\t\t\t<span class=\"overlay\"><\/span>\n\t\t\t\t<\/a>\n\t\t\t\t\t<\/div>\n\t\t<h3 class=\"sow-carousel-item-title\">\n\t\t\t<a\n\t\t\t\thref=\"http:\/\/sg-mtg-psv-ma.de\/?p=4861\"\n\t\t\t\tid=\"sow-carousel-id-4861\"\n\t\t\t\t\t\t\t\ttabindex=\"-1\"\n\t\t\t>\n\n\t\t\t\tD1: Knappe Niederlage in Weinheim\t\t\t<\/a>\n\t\t<\/h3>\n\t<\/div>\n\t\t<div class=\"sow-carousel-item\" tabindex=\"-1\" style=\"float: left;\">\n\t\t<div class=\"sow-carousel-thumbnail\">\n\t\t\t\t\t\t\t<a\n\t\t\t\t\thref=\"http:\/\/sg-mtg-psv-ma.de\/?p=4858\"\n\t\t\t\t\t\t\t\t\t\tstyle=\"background-image: url( http:\/\/sg-mtg-psv-ma.de\/wp-content\/uploads\/2025\/12\/D1-251122-272x182.jpeg )\"\n\t\t\t\t\taria-labelledby=\"sow-carousel-id-4858\"\n\t\t\t\t\ttabindex=\"-1\"\n\t\t\t\t>\n\t\t\t\t\t<span class=\"overlay\"><\/span>\n\t\t\t\t<\/a>\n\t\t\t\t\t<\/div>\n\t\t<h3 class=\"sow-carousel-item-title\">\n\t\t\t<a\n\t\t\t\thref=\"http:\/\/sg-mtg-psv-ma.de\/?p=4858\"\n\t\t\t\tid=\"sow-carousel-id-4858\"\n\t\t\t\t\t\t\t\ttabindex=\"-1\"\n\t\t\t>\n\n\t\t\t\tD1-Verdienter Heimsieg gegen Tabellenf\u00fchrer\t\t\t<\/a>\n\t\t<\/h3>\n\t<\/div>\n\t\t<div class=\"sow-carousel-item\" tabindex=\"-1\" style=\"float: left;\">\n\t\t<div class=\"sow-carousel-thumbnail\">\n\t\t\t\t\t\t\t<a\n\t\t\t\t\thref=\"http:\/\/sg-mtg-psv-ma.de\/?p=4851\"\n\t\t\t\t\t\t\t\t\t\tstyle=\"background-image: url( http:\/\/sg-mtg-psv-ma.de\/wp-content\/uploads\/2025\/11\/D1-16.11-272x182.jpg )\"\n\t\t\t\t\taria-labelledby=\"sow-carousel-id-4851\"\n\t\t\t\t\ttabindex=\"-1\"\n\t\t\t\t>\n\t\t\t\t\t<span class=\"overlay\"><\/span>\n\t\t\t\t<\/a>\n\t\t\t\t\t<\/div>\n\t\t<h3 class=\"sow-carousel-item-title\">\n\t\t\t<a\n\t\t\t\thref=\"http:\/\/sg-mtg-psv-ma.de\/?p=4851\"\n\t\t\t\tid=\"sow-carousel-id-4851\"\n\t\t\t\t\t\t\t\ttabindex=\"-1\"\n\t\t\t>\n\n\t\t\t\tD1: erster Saisonsieg\t\t\t<\/a>\n\t\t<\/h3>\n\t<\/div>\n\t\t<div class=\"sow-carousel-item\" tabindex=\"-1\" style=\"float: left;\">\n\t\t<div class=\"sow-carousel-thumbnail\">\n\t\t\t\t\t\t\t<a\n\t\t\t\t\thref=\"http:\/\/sg-mtg-psv-ma.de\/?p=4854\"\n\t\t\t\t\t\t\t\t\t\tstyle=\"background-image: url( http:\/\/sg-mtg-psv-ma.de\/wp-content\/uploads\/2025\/11\/D1-9.11-272x182.jpeg )\"\n\t\t\t\t\taria-labelledby=\"sow-carousel-id-4854\"\n\t\t\t\t\ttabindex=\"-1\"\n\t\t\t\t>\n\t\t\t\t\t<span class=\"overlay\"><\/span>\n\t\t\t\t<\/a>\n\t\t\t\t\t<\/div>\n\t\t<h3 class=\"sow-carousel-item-title\">\n\t\t\t<a\n\t\t\t\thref=\"http:\/\/sg-mtg-psv-ma.de\/?p=4854\"\n\t\t\t\tid=\"sow-carousel-id-4854\"\n\t\t\t\t\t\t\t\ttabindex=\"-1\"\n\t\t\t>\n\n\t\t\t\tD1: Heim-Derby gegen SV Waldhof geht unentschieden aus\t\t\t<\/a>\n\t\t<\/h3>\n\t<\/div>\n\t\t\t<\/div>\n\t\t\t<\/div>\n\n\t<\/div>\n\t\t<input type=\"hidden\" name=\"instance_hash\" value=\"8c2612f2\"\/>\n\t<\/div>\n<\/div><\/div><\/div><\/div><\/div>\n\n\n<p>Die Damen 1 stellen sich vor:<\/p>\n\n\n\n<p>Wir sind die erste Damenmannschaft der SG MTG\/PSV Mannheim. Bereits seit 1994 gibt es unsere Spielgemeinschaft.<span class=\"Apple-converted-space\">&nbsp;<\/span><\/p>\n\n\n\n<p>Wir sind der einzige Verein der Damenhandball in der Innenstadt, Schwetzinger Vorstadt, Almenhof und Lindenhof anbietet.<\/p>\n\n\n\n<p>Wir verf\u00fcgen im Moment \u00fcber einen breiten Kader mit einer bunten Mischung.<span class=\"Apple-converted-space\">&nbsp;<\/span><\/p>\n\n\n\n<p>Unser Team setzt sich aus sehr jungen Spielerinnen, die gerade aus der A-Jugend kommen, sowie aus \u00e4lteren Spielerinnen zusammen, die bereits \u00fcber sehr viel Erfahrung verf\u00fcgen. Ob Sch\u00fclerin, Studentin oder Berufst\u00e4tige, bei uns sind so ziemlich alle Varianten vertreten.<\/p>\n\n\n\n<p>Die Stimmung (\u201e der Teamgeist\u201c) in unserer Mannschaft ist sehr gut, denn nicht nur auf dem Platz wird zusammen geschwitzt, auch neben dem Platz haben wir zusammen Spa\u00df.<\/p>\n\n\n\n<p>Die abgelaufene Saison zeigte, dass die Mannschaft auf einem guten Weg ist. Am Ende der Saison belegten wir den sechsten Platz und damit einen Platz im Mittelfeld. Erfreulich war dabei, dass zu keinem Zeitpunkt der Saison der Blick Richtung Tabellenende ging. Allerdings h\u00e4tten auch der ein oder andere Punkt mehr herausspringen k\u00f6nnen, so dass auch eine bessere Platzierung drin gewesen w\u00e4re. Gegen\u00fcber der Vorsaison war eine spielerische Weiterentwicklung deutlich zu sehen, sodass das Trainergespann Irfan Zuhric und Andreas Menges diese positive Entwicklung weiter f\u00fchren m\u00f6chte, denn wurde den Zuschauern sehr attraktiver Handball mit vielen Toren geboten wurde.<\/p>\n\n\n\n<p>Aufgrund der positiven Entwicklung gehen wir sehr positiv in die Vorbereitung, in der wir einige neue Dinge ausprobieren wollen um in der n\u00e4chsten Saison um die Meisterschaft mitzuspielen.<\/p>\n\n\n\n<p>Es wird weiter hart im Training gearbeitet, um die spielerische Entwicklung weiter voranzutreiben und das Abwehr-Repertoire zu erweitern. Die Mannschaft zieht gut mit.<\/p>\n\n\n\n<p>Die neue Saison, die wir mit viel Spannung und Vorfreude erwarten, beginnt Ende September.<\/p>\n\n\n\n<p>Wer Interesse sowie Lust und Laune hat darf gerne jederzeit bei uns vorbeischauen, mittrainieren und sich von der guten Stimmung in der Mannschaft selbst \u00fcberzeugen.<\/p>\n\n\n\n<p>\u00dcber neue Gesichter im Training freuen wir uns immer.<\/p>\n\n\n\n<p>Wir trainieren Dienstags von 20:00 bis 21:30 Uhr in der Rhen-Neckar Halle und Donnerstags von 20:00 bis 21:30 Uhr in der Sporthalle Schwetzingerstadt.<\/p>\n\n\n\n<p>Wer also Interesse hat uns kennen zu lernen der kommt einfach mal beim Training oder einem Spiel vorbei.<\/p>\n\n\n\n<p>Weitere Infos zum Spielbetrieb entnehmt ihr bitte unserer Homepage und dem Facebook-Auftritt unseres Vereins.<\/p>\n\n\n\n<p>Wir freuen uns jederzeit \u00fcber Trainingsg\u00e4ste und jeden Zuschauer!<span class=\"Apple-converted-space\">&nbsp;<\/span><\/p>\n\n\n\n<figure class=\"wp-block-image size-full\"><img fetchpriority=\"high\" decoding=\"async\" width=\"1024\" height=\"768\" src=\"http:\/\/sg-mtg-psv-ma.de\/wp-content\/uploads\/2021\/11\/image1.jpeg\" alt=\"\" class=\"wp-image-2766\" srcset=\"http:\/\/sg-mtg-psv-ma.de\/wp-content\/uploads\/2021\/11\/image1.jpeg 1024w, http:\/\/sg-mtg-psv-ma.de\/wp-content\/uploads\/2021\/11\/image1-300x225.jpeg 300w, http:\/\/sg-mtg-psv-ma.de\/wp-content\/uploads\/2021\/11\/image1-768x576.jpeg 768w, http:\/\/sg-mtg-psv-ma.de\/wp-content\/uploads\/2021\/11\/image1-100x75.jpeg 100w, http:\/\/sg-mtg-psv-ma.de\/wp-content\/uploads\/2021\/11\/image1-150x113.jpeg 150w, http:\/\/sg-mtg-psv-ma.de\/wp-content\/uploads\/2021\/11\/image1-200x150.jpeg 200w, http:\/\/sg-mtg-psv-ma.de\/wp-content\/uploads\/2021\/11\/image1-450x338.jpeg 450w, http:\/\/sg-mtg-psv-ma.de\/wp-content\/uploads\/2021\/11\/image1-600x450.jpeg 600w, http:\/\/sg-mtg-psv-ma.de\/wp-content\/uploads\/2021\/11\/image1-900x675.jpeg 900w\" sizes=\"(max-width: 1024px) 100vw, 1024px\" \/><\/figure>\n\n\n\n<p>Eure 1.ste Damenmannschaft<\/p>\n","protected":false},"excerpt":{"rendered":"<p>Die Damen 1 stellen sich vor: Wir sind die erste Damenmannschaft der SG MTG\/PSV Mannheim. Bereits seit 1994 gibt es unsere Spielgemeinschaft.&nbsp; Wir sind der [&hellip;]<\/p>\n","protected":false},"author":3,"featured_media":2765,"parent":3035,"menu_order":0,"comment_status":"closed","ping_status":"closed","template":"","meta":{"footnotes":""},"class_list":["post-1853","page","type-page","status-publish","has-post-thumbnail","hentry","post","post-with-thumbnail","post-with-thumbnail-large"],"_links":{"self":[{"href":"http:\/\/sg-mtg-psv-ma.de\/index.php?rest_route=\/wp\/v2\/pages\/1853","targetHints":{"allow":["GET"]}}],"collection":[{"href":"http:\/\/sg-mtg-psv-ma.de\/index.php?rest_route=\/wp\/v2\/pages"}],"about":[{"href":"http:\/\/sg-mtg-psv-ma.de\/index.php?rest_route=\/wp\/v2\/types\/page"}],"author":[{"embeddable":true,"href":"http:\/\/sg-mtg-psv-ma.de\/index.php?rest_route=\/wp\/v2\/users\/3"}],"replies":[{"embeddable":true,"href":"http:\/\/sg-mtg-psv-ma.de\/index.php?rest_route=%2Fwp%2Fv2%2Fcomments&post=1853"}],"version-history":[{"count":9,"href":"http:\/\/sg-mtg-psv-ma.de\/index.php?rest_route=\/wp\/v2\/pages\/1853\/revisions"}],"predecessor-version":[{"id":3137,"href":"http:\/\/sg-mtg-psv-ma.de\/index.php?rest_route=\/wp\/v2\/pages\/1853\/revisions\/3137"}],"up":[{"embeddable":true,"href":"http:\/\/sg-mtg-psv-ma.de\/index.php?rest_route=\/wp\/v2\/pages\/3035"}],"wp:featuredmedia":[{"embeddable":true,"href":"http:\/\/sg-mtg-psv-ma.de\/index.php?rest_route=\/wp\/v2\/media\/2765"}],"wp:attachment":[{"href":"http:\/\/sg-mtg-psv-ma.de\/index.php?rest_route=%2Fwp%2Fv2%2Fmedia&parent=1853"}],"curies":[{"name":"wp","href":"https:\/\/api.w.org\/{rel}","templated":true}]}}