{"id":2504,"date":"2020-09-18T16:13:02","date_gmt":"2020-09-18T15:13:02","guid":{"rendered":"http:\/\/sg-mtg-psv-ma.de\/?page_id=2504"},"modified":"2025-09-23T15:19:07","modified_gmt":"2025-09-23T14:19:07","slug":"herren-1","status":"publish","type":"page","link":"http:\/\/sg-mtg-psv-ma.de\/?page_id=2504","title":{"rendered":"Herren 1"},"content":{"rendered":"<div id=\"pl-gb2504-69e07d438476a\"  class=\"panel-layout\" ><div id=\"pg-gb2504-69e07d438476a-0\"  class=\"panel-grid panel-no-style\" ><div id=\"pgc-gb2504-69e07d438476a-0-0\"  class=\"panel-grid-cell\" ><div id=\"panel-gb2504-69e07d438476a-0-0-0\" class=\"so-panel widget widget_sow-post-carousel panel-first-child panel-last-child\" data-index=\"0\" ><div\n\t\t\t\n\t\t\tclass=\"so-widget-sow-post-carousel so-widget-sow-post-carousel-base-ad93eedad001-2504\"\n\t\t\t\n\t\t>\t<div\n\t\tclass=\"sow-post-carousel-wrapper sow-post-carousel-theme-base\"\n\t\tstyle=\"overflow: hidden; max-width: 100%; min-height: 182px\"\n\t>\n\t\t<div class=\"sow-carousel-title\">\n\t\t\t<div class=\"sow-carousel-navigation \">\n\t\t\t\t\t\t<a href=\"#\" class=\"sow-carousel-next\" title=\"Next\" aria-label=\"Next Posts\" role=\"button\"><\/a>\n\t\t\t\t\t\t<a href=\"#\" class=\"sow-carousel-previous\" title=\"Previous\" aria-label=\"Previous Posts\" role=\"button\"><\/a>\n\t\t\t\t\t<\/div>\n\t<\/div>\n\n<div class=\"sow-carousel-container \">\n\t\t<div class=\"sow-carousel-wrapper\"\n\t\tdata-dir=\"ltr\"\n\t\tstyle=\"opacity: 0;\"\n\t\tdata-widget=\"post\" data-fetching=\"false\" data-page=\"1\" data-ajax-url=\"http:\/\/sg-mtg-psv-ma.de\/wp-admin\/admin-ajax.php?_widgets_nonce=f9ac8547ff\" data-item_count=\"59\" data-carousel_settings=\"{&quot;loop&quot;:true,&quot;animation&quot;:&quot;Ease&quot;,&quot;animation_speed&quot;:400,&quot;autoplay&quot;:&quot;&quot;,&quot;pauseOnHover&quot;:&quot;&quot;,&quot;autoplaySpeed&quot;:8000,&quot;item_overflow&quot;:true,&quot;autoplay_continuous_scroll&quot;:false}\" data-responsive=\"{&quot;desktop_slides_to_scroll&quot;:1,&quot;tablet_landscape_breakpoint&quot;:1366,&quot;tablet_landscape_slides_to_scroll&quot;:2,&quot;tablet_portrait_breakpoint&quot;:1025,&quot;tablet_portrait_slides_to_scroll&quot;:2,&quot;mobile_breakpoint&quot;:480,&quot;mobile_slides_to_scroll&quot;:1}\" data-variable_width=\"true\" \t>\n\t\t<div\n\t\t\tclass=\"sow-carousel-items\"\n\t\t\t\t\t>\n\t\t\t\t<div class=\"sow-carousel-item\" tabindex=\"-1\" style=\"float: left;\">\n\t\t<div class=\"sow-carousel-thumbnail\">\n\t\t\t\t\t\t\t<a\n\t\t\t\t\thref=\"http:\/\/sg-mtg-psv-ma.de\/?p=4250\"\n\t\t\t\t\tclass=\"sow-carousel-default-thumbnail\"\n\t\t\t\t\t\t\t\t\t\t\t\t\t\t\taria-labelledby=\"sow-carousel-id-4250\"\n\t\t\t\t\ttabindex=\"-1\"\n\t\t\t\t>\n\t\t\t\t\t<span class=\"overlay\"><\/span>\n\t\t\t\t<\/a>\n\t\t\t\t\t<\/div>\n\t\t<h3 class=\"sow-carousel-item-title\">\n\t\t\t<a\n\t\t\t\thref=\"http:\/\/sg-mtg-psv-ma.de\/?p=4250\"\n\t\t\t\tid=\"sow-carousel-id-4250\"\n\t\t\t\t\t\t\t\ttabindex=\"-1\"\n\t\t\t>\n\n\t\t\t\tH1: Erneute Siegesserie gestartet\t\t\t<\/a>\n\t\t<\/h3>\n\t<\/div>\n\t\t<div class=\"sow-carousel-item\" tabindex=\"-1\" style=\"float: left;\">\n\t\t<div class=\"sow-carousel-thumbnail\">\n\t\t\t\t\t\t\t<a\n\t\t\t\t\thref=\"http:\/\/sg-mtg-psv-ma.de\/?p=4203\"\n\t\t\t\t\t\t\t\t\t\tstyle=\"background-image: url( http:\/\/sg-mtg-psv-ma.de\/wp-content\/uploads\/2024\/01\/231217-Bild-H1-272x182.png )\"\n\t\t\t\t\taria-labelledby=\"sow-carousel-id-4203\"\n\t\t\t\t\ttabindex=\"-1\"\n\t\t\t\t>\n\t\t\t\t\t<span class=\"overlay\"><\/span>\n\t\t\t\t<\/a>\n\t\t\t\t\t<\/div>\n\t\t<h3 class=\"sow-carousel-item-title\">\n\t\t\t<a\n\t\t\t\thref=\"http:\/\/sg-mtg-psv-ma.de\/?p=4203\"\n\t\t\t\tid=\"sow-carousel-id-4203\"\n\t\t\t\t\t\t\t\ttabindex=\"-1\"\n\t\t\t>\n\n\t\t\t\tH1: Die SG MTG\/PSV Mannheim zu harmlos im Spitzenspiel!\t\t\t<\/a>\n\t\t<\/h3>\n\t<\/div>\n\t\t<div class=\"sow-carousel-item\" tabindex=\"-1\" style=\"float: left;\">\n\t\t<div class=\"sow-carousel-thumbnail\">\n\t\t\t\t\t\t\t<a\n\t\t\t\t\thref=\"http:\/\/sg-mtg-psv-ma.de\/?p=4181\"\n\t\t\t\t\t\t\t\t\t\tstyle=\"background-image: url( http:\/\/sg-mtg-psv-ma.de\/wp-content\/uploads\/2023\/12\/231217-Ergebnis-H1-272x182.png )\"\n\t\t\t\t\taria-labelledby=\"sow-carousel-id-4181\"\n\t\t\t\t\ttabindex=\"-1\"\n\t\t\t\t>\n\t\t\t\t\t<span class=\"overlay\"><\/span>\n\t\t\t\t<\/a>\n\t\t\t\t\t<\/div>\n\t\t<h3 class=\"sow-carousel-item-title\">\n\t\t\t<a\n\t\t\t\thref=\"http:\/\/sg-mtg-psv-ma.de\/?p=4181\"\n\t\t\t\tid=\"sow-carousel-id-4181\"\n\t\t\t\t\t\t\t\ttabindex=\"-1\"\n\t\t\t>\n\n\t\t\t\tM1: guter Hinrundenabschlu\u00df ohne Glanz!\t\t\t<\/a>\n\t\t<\/h3>\n\t<\/div>\n\t\t<div class=\"sow-carousel-item\" tabindex=\"-1\" style=\"float: left;\">\n\t\t<div class=\"sow-carousel-thumbnail\">\n\t\t\t\t\t\t\t<a\n\t\t\t\t\thref=\"http:\/\/sg-mtg-psv-ma.de\/?p=4164\"\n\t\t\t\t\t\t\t\t\t\tstyle=\"background-image: url( http:\/\/sg-mtg-psv-ma.de\/wp-content\/uploads\/2023\/12\/PHOTO-2023-12-12-19-07-06-272x182.jpg )\"\n\t\t\t\t\taria-labelledby=\"sow-carousel-id-4164\"\n\t\t\t\t\ttabindex=\"-1\"\n\t\t\t\t>\n\t\t\t\t\t<span class=\"overlay\"><\/span>\n\t\t\t\t<\/a>\n\t\t\t\t\t<\/div>\n\t\t<h3 class=\"sow-carousel-item-title\">\n\t\t\t<a\n\t\t\t\thref=\"http:\/\/sg-mtg-psv-ma.de\/?p=4164\"\n\t\t\t\tid=\"sow-carousel-id-4164\"\n\t\t\t\t\t\t\t\ttabindex=\"-1\"\n\t\t\t>\n\n\t\t\t\tH1: Erneuter Heimsieg nach schwachem Beginn und Chancenwucher!\t\t\t<\/a>\n\t\t<\/h3>\n\t<\/div>\n\t\t<div class=\"sow-carousel-item\" tabindex=\"-1\" style=\"float: left;\">\n\t\t<div class=\"sow-carousel-thumbnail\">\n\t\t\t\t\t\t\t<a\n\t\t\t\t\thref=\"http:\/\/sg-mtg-psv-ma.de\/?p=4149\"\n\t\t\t\t\t\t\t\t\t\tstyle=\"background-image: url( http:\/\/sg-mtg-psv-ma.de\/wp-content\/uploads\/2023\/10\/H1_Ergebnis_231105-272x182.png )\"\n\t\t\t\t\taria-labelledby=\"sow-carousel-id-4149\"\n\t\t\t\t\ttabindex=\"-1\"\n\t\t\t\t>\n\t\t\t\t\t<span class=\"overlay\"><\/span>\n\t\t\t\t<\/a>\n\t\t\t\t\t<\/div>\n\t\t<h3 class=\"sow-carousel-item-title\">\n\t\t\t<a\n\t\t\t\thref=\"http:\/\/sg-mtg-psv-ma.de\/?p=4149\"\n\t\t\t\tid=\"sow-carousel-id-4149\"\n\t\t\t\t\t\t\t\ttabindex=\"-1\"\n\t\t\t>\n\n\t\t\t\tH1: Ein Sieg nicht nur f\u00fcr Kevin!\t\t\t<\/a>\n\t\t<\/h3>\n\t<\/div>\n\t\t<div class=\"sow-carousel-item\" tabindex=\"-1\" style=\"float: left;\">\n\t\t<div class=\"sow-carousel-thumbnail\">\n\t\t\t\t\t\t\t<a\n\t\t\t\t\thref=\"http:\/\/sg-mtg-psv-ma.de\/?p=4072\"\n\t\t\t\t\t\t\t\t\t\tstyle=\"background-image: url( http:\/\/sg-mtg-psv-ma.de\/wp-content\/uploads\/2023\/10\/H1_Ergebnis_231008-272x182.png )\"\n\t\t\t\t\taria-labelledby=\"sow-carousel-id-4072\"\n\t\t\t\t\ttabindex=\"-1\"\n\t\t\t\t>\n\t\t\t\t\t<span class=\"overlay\"><\/span>\n\t\t\t\t<\/a>\n\t\t\t\t\t<\/div>\n\t\t<h3 class=\"sow-carousel-item-title\">\n\t\t\t<a\n\t\t\t\thref=\"http:\/\/sg-mtg-psv-ma.de\/?p=4072\"\n\t\t\t\tid=\"sow-carousel-id-4072\"\n\t\t\t\t\t\t\t\ttabindex=\"-1\"\n\t\t\t>\n\n\t\t\t\tH1: Souver\u00e4ner erster Heimsieg!\t\t\t<\/a>\n\t\t<\/h3>\n\t<\/div>\n\t\t<div class=\"sow-carousel-item\" tabindex=\"-1\" style=\"float: left;\">\n\t\t<div class=\"sow-carousel-thumbnail\">\n\t\t\t\t\t\t\t<a\n\t\t\t\t\thref=\"http:\/\/sg-mtg-psv-ma.de\/?p=4056\"\n\t\t\t\t\t\t\t\t\t\tstyle=\"background-image: url( http:\/\/sg-mtg-psv-ma.de\/wp-content\/uploads\/2023\/10\/H1_Ergebnis_231001-272x182.png )\"\n\t\t\t\t\taria-labelledby=\"sow-carousel-id-4056\"\n\t\t\t\t\ttabindex=\"-1\"\n\t\t\t\t>\n\t\t\t\t\t<span class=\"overlay\"><\/span>\n\t\t\t\t<\/a>\n\t\t\t\t\t<\/div>\n\t\t<h3 class=\"sow-carousel-item-title\">\n\t\t\t<a\n\t\t\t\thref=\"http:\/\/sg-mtg-psv-ma.de\/?p=4056\"\n\t\t\t\tid=\"sow-carousel-id-4056\"\n\t\t\t\t\t\t\t\ttabindex=\"-1\"\n\t\t\t>\n\n\t\t\t\tH1: Am Ende verschenkt die SG die Punkte!\t\t\t<\/a>\n\t\t<\/h3>\n\t<\/div>\n\t\t<div class=\"sow-carousel-item\" tabindex=\"-1\" style=\"float: left;\">\n\t\t<div class=\"sow-carousel-thumbnail\">\n\t\t\t\t\t\t\t<a\n\t\t\t\t\thref=\"http:\/\/sg-mtg-psv-ma.de\/?p=4050\"\n\t\t\t\t\t\t\t\t\t\tstyle=\"background-image: url( http:\/\/sg-mtg-psv-ma.de\/wp-content\/uploads\/2023\/10\/H1_Ergebnis_230924-272x182.png )\"\n\t\t\t\t\taria-labelledby=\"sow-carousel-id-4050\"\n\t\t\t\t\ttabindex=\"-1\"\n\t\t\t\t>\n\t\t\t\t\t<span class=\"overlay\"><\/span>\n\t\t\t\t<\/a>\n\t\t\t\t\t<\/div>\n\t\t<h3 class=\"sow-carousel-item-title\">\n\t\t\t<a\n\t\t\t\thref=\"http:\/\/sg-mtg-psv-ma.de\/?p=4050\"\n\t\t\t\tid=\"sow-carousel-id-4050\"\n\t\t\t\t\t\t\t\ttabindex=\"-1\"\n\t\t\t>\n\n\t\t\t\tH1: \u00dcberzeugendes Endergebnis nach holprigem Beginn!\t\t\t<\/a>\n\t\t<\/h3>\n\t<\/div>\n\t\t<div class=\"sow-carousel-item\" tabindex=\"-1\" style=\"float: left;\">\n\t\t<div class=\"sow-carousel-thumbnail\">\n\t\t\t\t\t\t\t<a\n\t\t\t\t\thref=\"http:\/\/sg-mtg-psv-ma.de\/?p=3453\"\n\t\t\t\t\t\t\t\t\t\tstyle=\"background-image: url( http:\/\/sg-mtg-psv-ma.de\/wp-content\/uploads\/2023\/04\/SvW2-H1-272x182.jpg )\"\n\t\t\t\t\taria-labelledby=\"sow-carousel-id-3453\"\n\t\t\t\t\ttabindex=\"-1\"\n\t\t\t\t>\n\t\t\t\t\t<span class=\"overlay\"><\/span>\n\t\t\t\t<\/a>\n\t\t\t\t\t<\/div>\n\t\t<h3 class=\"sow-carousel-item-title\">\n\t\t\t<a\n\t\t\t\thref=\"http:\/\/sg-mtg-psv-ma.de\/?p=3453\"\n\t\t\t\tid=\"sow-carousel-id-3453\"\n\t\t\t\t\t\t\t\ttabindex=\"-1\"\n\t\t\t>\n\n\t\t\t\tH1: Niederlage in hart umk\u00e4mpfter Partie\t\t\t<\/a>\n\t\t<\/h3>\n\t<\/div>\n\t\t<div class=\"sow-carousel-item\" tabindex=\"-1\" style=\"float: left;\">\n\t\t<div class=\"sow-carousel-thumbnail\">\n\t\t\t\t\t\t\t<a\n\t\t\t\t\thref=\"http:\/\/sg-mtg-psv-ma.de\/?p=3448\"\n\t\t\t\t\t\t\t\t\t\tstyle=\"background-image: url( http:\/\/sg-mtg-psv-ma.de\/wp-content\/uploads\/2023\/04\/H1-Hemsbach-272x182.jpeg )\"\n\t\t\t\t\taria-labelledby=\"sow-carousel-id-3448\"\n\t\t\t\t\ttabindex=\"-1\"\n\t\t\t\t>\n\t\t\t\t\t<span class=\"overlay\"><\/span>\n\t\t\t\t<\/a>\n\t\t\t\t\t<\/div>\n\t\t<h3 class=\"sow-carousel-item-title\">\n\t\t\t<a\n\t\t\t\thref=\"http:\/\/sg-mtg-psv-ma.de\/?p=3448\"\n\t\t\t\tid=\"sow-carousel-id-3448\"\n\t\t\t\t\t\t\t\ttabindex=\"-1\"\n\t\t\t>\n\n\t\t\t\tH1: Der Sieg war Pflicht\t\t\t<\/a>\n\t\t<\/h3>\n\t<\/div>\n\t\t\t<\/div>\n\t\t\t<\/div>\n\n\t<\/div>\n\t\t<input type=\"hidden\" name=\"instance_hash\" value=\"7a134b84\"\/>\n\t<\/div>\n<\/div><\/div><\/div><\/div><\/div>\n\n\n<p>Trainingszeiten:<br>Dienstag, 20:00 \u2013 21:30 Uhr, Schwetzinger-Vorstadt-Halle<br>Donnerstag, 20:00 \u2013 21:30 Uhr, Rhein-Neckar-Halle<\/p>\n\n\n\n<p>Wir sind die Herrenmannschaft der SG MTG\/PSV Mannheim. Seit fast 30 Jahren gibt es unsere Spielgemeinschaft und wir sind der einzige Verein, der Herrenhandball im Innenstadt-Bereich Mannheims anbietet.&nbsp;<\/p>\n\n\n\n<p>Spielplan<\/p>\n\n\n<script> (function(e,t,n,r,i,s,o){e[i]=e[i]||function(){(e[i].q=e[i].q||[]).push(arguments)}, e[i].l=1*new Date;s=t.createElement(n),o=t.getElementsByTagName(n)[0];s.async=1; s.src=r;o.parentNode.insertBefore(s,o)})(window,document,\"script\", 'https:\/\/www.handball.net\/widgets\/embed\/v1.js',\"_hb\"); <\/script>\n\n<div id=\"handball-spielplan\"><\/div>\n\n<script> _hb({ widget: 'spielplan', teamId: 'handball4all.baden-wuerttemberg.1320206', container: 'handball-spielplan' }) <\/script>\n\n\n<p>Mannschaft Saison 2024\/2025 &#8211; Staffelsieger!<\/p>\n\n\n\n<figure class=\"wp-block-image size-large\"><img fetchpriority=\"high\" decoding=\"async\" width=\"1024\" height=\"490\" src=\"http:\/\/sg-mtg-psv-ma.de\/wp-content\/uploads\/2024\/12\/H1_2024-1024x490.jpeg\" alt=\"\" class=\"wp-image-4593\" srcset=\"http:\/\/sg-mtg-psv-ma.de\/wp-content\/uploads\/2024\/12\/H1_2024-1024x490.jpeg 1024w, http:\/\/sg-mtg-psv-ma.de\/wp-content\/uploads\/2024\/12\/H1_2024-300x144.jpeg 300w, http:\/\/sg-mtg-psv-ma.de\/wp-content\/uploads\/2024\/12\/H1_2024-768x368.jpeg 768w, http:\/\/sg-mtg-psv-ma.de\/wp-content\/uploads\/2024\/12\/H1_2024-1536x735.jpeg 1536w, http:\/\/sg-mtg-psv-ma.de\/wp-content\/uploads\/2024\/12\/H1_2024-2048x980.jpeg 2048w\" sizes=\"(max-width: 1024px) 100vw, 1024px\" \/><\/figure>\n\n\n\n<p>\u00c4ltere Bilder:<\/p>\n\n\n\n<figure class=\"wp-block-image size-large\"><img decoding=\"async\" width=\"1024\" height=\"576\" src=\"http:\/\/sg-mtg-psv-ma.de\/wp-content\/uploads\/2023\/10\/H1_2024-1024x576.jpg\" alt=\"\" class=\"wp-image-4084\" srcset=\"http:\/\/sg-mtg-psv-ma.de\/wp-content\/uploads\/2023\/10\/H1_2024-1024x576.jpg 1024w, http:\/\/sg-mtg-psv-ma.de\/wp-content\/uploads\/2023\/10\/H1_2024-300x169.jpg 300w, http:\/\/sg-mtg-psv-ma.de\/wp-content\/uploads\/2023\/10\/H1_2024-768x432.jpg 768w, http:\/\/sg-mtg-psv-ma.de\/wp-content\/uploads\/2023\/10\/H1_2024-1536x864.jpg 1536w, http:\/\/sg-mtg-psv-ma.de\/wp-content\/uploads\/2023\/10\/H1_2024.jpg 2048w\" sizes=\"(max-width: 1024px) 100vw, 1024px\" \/><\/figure>\n\n\n\n<p>stehend v.l.n.r.: Trainer Steve Simms, Tobias Kretzler, Adrian Brecht, Flavian Dreidemy, Marcel Gutting, Lino May, Jakob Kwak, Stefan Schmidt, Sebastian Brecht, Jens Degner<\/p>\n\n\n\n<p>sitzend v.l.n.r.: Martin Sierra, Randy Gl\u00f6ckner, Konstandinos Litsas, David Br\u00fc\u00dfler, Julian Schlegel, Fabian Veit, Michael Derschang, Kristijan Ceh<\/p>\n\n\n\n<p>Es fehlen: Andreas Thomas, Benedikt Stegmann, Daniel Hoffmann, Florian Dinkel, Franklin Marshall, Henri Hoepfner, Jan Sichau, Kevin Stallmeister Fuentes, Lukas Glocker, Marcel Kremer, Michael Ludwig<\/p>\n\n\n\n<figure class=\"wp-block-image size-large\"><img decoding=\"async\" width=\"1024\" height=\"569\" src=\"http:\/\/sg-mtg-psv-ma.de\/wp-content\/uploads\/2023\/03\/BILD-2-1024x569.jpg\" alt=\"\" class=\"wp-image-3438\" srcset=\"http:\/\/sg-mtg-psv-ma.de\/wp-content\/uploads\/2023\/03\/BILD-2-1024x569.jpg 1024w, http:\/\/sg-mtg-psv-ma.de\/wp-content\/uploads\/2023\/03\/BILD-2-300x167.jpg 300w, http:\/\/sg-mtg-psv-ma.de\/wp-content\/uploads\/2023\/03\/BILD-2-768x427.jpg 768w, http:\/\/sg-mtg-psv-ma.de\/wp-content\/uploads\/2023\/03\/BILD-2-1536x854.jpg 1536w, http:\/\/sg-mtg-psv-ma.de\/wp-content\/uploads\/2023\/03\/BILD-2-2048x1139.jpg 2048w\" sizes=\"(max-width: 1024px) 100vw, 1024px\" \/><\/figure>\n\n\n\n<p>Leider sind wir auf Grund der Regularien der letzten Saison 2021\/2022 in die 3. Bezirksliga abgestiegen. Wir geh\u00f6rten zu den 5 von 6 Mannschaften aus der Abstiegsrunde, die nach dieser Nachricht ein wenig geschockt waren &amp; nicht damit gerechnet hatten, dass nur eine Mannschaft in der 2. Bezirksliga verbleibt.<\/p>\n\n\n\n<p>Aber auch f\u00fcr die jetzige Saison in der 3. Bezirksliga sind wir sehr motiviert und wir m\u00f6chten weiter nach vorne kommen und damit haben wir mit Coach Steve Simms auch den richtigen Trainer, der uns weiter antreiben kann. Seit Anfang Juli sind wir deshalb flei\u00dfig im Vorbereitungsmodus. Trainiert wird im Team auf dem PSV-Platz und in unseren Hallen.&nbsp;<\/p>\n\n\n\n<p>Ansonsten sind wir ein bunt gemischter Haufen aus Spielern geb\u00fcrtig aus Mannheim oder f\u00fcrs Studium und Beruf nach Mannheim gezogen \u2013 uns verbindet der Spa\u00df am Handballsport. Auch neben dem Feld zeigen wir eine starke Performance. Ob es ein Besuch beim Sponsor dem Murphy\u00b4s Law Irish Pub ist oder auch mal ein gem\u00fctlicher Abend beim Italiener. Den Abschluss bildet auch in diesem Jahr wieder eine Mannschaftsfahrt, deren Ziel mal wieder die Pfalz war, mehr muss man nicht sagen.<\/p>\n\n\n\n<p>Falls Du also Lust hast, auch in Mannheim weiterhin Handball zu spielen, nach einer Pause wieder loszulegen oder aus welchen Gr\u00fcnden auch immer &#8230; schau bei uns vorbei, trainiere mit und \u00fcberzeuge Dich selbst von der guten Stimmung in der Mannschaft. Schreib uns gerne eine E-Mail, melde dich auf Instagram (@handballinmannheim) oder komm einfach zum Training vorbei.&nbsp;<\/p>\n\n\n\n<figure class=\"wp-block-image size-large\"><img loading=\"lazy\" decoding=\"async\" width=\"1024\" height=\"689\" src=\"http:\/\/sg-mtg-psv-ma.de\/wp-content\/uploads\/2023\/03\/BILD-3-1024x689.jpg\" alt=\"\" class=\"wp-image-3439\" srcset=\"http:\/\/sg-mtg-psv-ma.de\/wp-content\/uploads\/2023\/03\/BILD-3-1024x689.jpg 1024w, http:\/\/sg-mtg-psv-ma.de\/wp-content\/uploads\/2023\/03\/BILD-3-300x202.jpg 300w, http:\/\/sg-mtg-psv-ma.de\/wp-content\/uploads\/2023\/03\/BILD-3-768x517.jpg 768w, http:\/\/sg-mtg-psv-ma.de\/wp-content\/uploads\/2023\/03\/BILD-3-272x182.jpg 272w, http:\/\/sg-mtg-psv-ma.de\/wp-content\/uploads\/2023\/03\/BILD-3.jpg 1289w\" sizes=\"(max-width: 1024px) 100vw, 1024px\" \/><\/figure>\n\n\n\n<figure class=\"wp-block-gallery has-nested-images columns-default is-cropped wp-block-gallery-1 is-layout-flex wp-block-gallery-is-layout-flex\">\n<figure class=\"wp-block-image size-large\"><img loading=\"lazy\" decoding=\"async\" width=\"1024\" height=\"1019\" data-id=\"3441\" src=\"http:\/\/sg-mtg-psv-ma.de\/wp-content\/uploads\/2023\/03\/BILD-4-1024x1019.jpg\" alt=\"\" class=\"wp-image-3441\" srcset=\"http:\/\/sg-mtg-psv-ma.de\/wp-content\/uploads\/2023\/03\/BILD-4-1024x1019.jpg 1024w, http:\/\/sg-mtg-psv-ma.de\/wp-content\/uploads\/2023\/03\/BILD-4-300x300.jpg 300w, http:\/\/sg-mtg-psv-ma.de\/wp-content\/uploads\/2023\/03\/BILD-4-150x150.jpg 150w, http:\/\/sg-mtg-psv-ma.de\/wp-content\/uploads\/2023\/03\/BILD-4-768x764.jpg 768w, http:\/\/sg-mtg-psv-ma.de\/wp-content\/uploads\/2023\/03\/BILD-4.jpg 1289w\" sizes=\"(max-width: 1024px) 100vw, 1024px\" \/><\/figure>\n\n\n\n<figure class=\"wp-block-image size-large\"><img loading=\"lazy\" decoding=\"async\" width=\"1024\" height=\"1022\" data-id=\"3440\" src=\"http:\/\/sg-mtg-psv-ma.de\/wp-content\/uploads\/2023\/03\/BILD-5-1024x1022.jpg\" alt=\"\" class=\"wp-image-3440\" srcset=\"http:\/\/sg-mtg-psv-ma.de\/wp-content\/uploads\/2023\/03\/BILD-5-1024x1022.jpg 1024w, http:\/\/sg-mtg-psv-ma.de\/wp-content\/uploads\/2023\/03\/BILD-5-300x300.jpg 300w, http:\/\/sg-mtg-psv-ma.de\/wp-content\/uploads\/2023\/03\/BILD-5-150x150.jpg 150w, http:\/\/sg-mtg-psv-ma.de\/wp-content\/uploads\/2023\/03\/BILD-5-768x767.jpg 768w, http:\/\/sg-mtg-psv-ma.de\/wp-content\/uploads\/2023\/03\/BILD-5.jpg 1289w\" sizes=\"(max-width: 1024px) 100vw, 1024px\" \/><\/figure>\n\n\n\n<figure class=\"wp-block-image size-large\"><img loading=\"lazy\" decoding=\"async\" width=\"1024\" height=\"1024\" data-id=\"3442\" src=\"http:\/\/sg-mtg-psv-ma.de\/wp-content\/uploads\/2023\/03\/BILD-6-1024x1024.jpg\" alt=\"\" class=\"wp-image-3442\" srcset=\"http:\/\/sg-mtg-psv-ma.de\/wp-content\/uploads\/2023\/03\/BILD-6-1024x1024.jpg 1024w, http:\/\/sg-mtg-psv-ma.de\/wp-content\/uploads\/2023\/03\/BILD-6-300x300.jpg 300w, http:\/\/sg-mtg-psv-ma.de\/wp-content\/uploads\/2023\/03\/BILD-6-150x150.jpg 150w, http:\/\/sg-mtg-psv-ma.de\/wp-content\/uploads\/2023\/03\/BILD-6-768x768.jpg 768w, http:\/\/sg-mtg-psv-ma.de\/wp-content\/uploads\/2023\/03\/BILD-6-1536x1536.jpg 1536w, http:\/\/sg-mtg-psv-ma.de\/wp-content\/uploads\/2023\/03\/BILD-6-2048x2048.jpg 2048w\" sizes=\"(max-width: 1024px) 100vw, 1024px\" \/><\/figure>\n<\/figure>\n","protected":false},"excerpt":{"rendered":"<p>Trainingszeiten:Dienstag, 20:00 \u2013 21:30 Uhr, Schwetzinger-Vorstadt-HalleDonnerstag, 20:00 \u2013 21:30 Uhr, Rhein-Neckar-Halle Wir sind die Herrenmannschaft der SG MTG\/PSV Mannheim. Seit fast 30 Jahren gibt es [&hellip;]<\/p>\n","protected":false},"author":3,"featured_media":0,"parent":0,"menu_order":0,"comment_status":"closed","ping_status":"closed","template":"","meta":{"footnotes":""},"class_list":["post-2504","page","type-page","status-publish","hentry","post"],"_links":{"self":[{"href":"http:\/\/sg-mtg-psv-ma.de\/index.php?rest_route=\/wp\/v2\/pages\/2504","targetHints":{"allow":["GET"]}}],"collection":[{"href":"http:\/\/sg-mtg-psv-ma.de\/index.php?rest_route=\/wp\/v2\/pages"}],"about":[{"href":"http:\/\/sg-mtg-psv-ma.de\/index.php?rest_route=\/wp\/v2\/types\/page"}],"author":[{"embeddable":true,"href":"http:\/\/sg-mtg-psv-ma.de\/index.php?rest_route=\/wp\/v2\/users\/3"}],"replies":[{"embeddable":true,"href":"http:\/\/sg-mtg-psv-ma.de\/index.php?rest_route=%2Fwp%2Fv2%2Fcomments&post=2504"}],"version-history":[{"count":12,"href":"http:\/\/sg-mtg-psv-ma.de\/index.php?rest_route=\/wp\/v2\/pages\/2504\/revisions"}],"predecessor-version":[{"id":4776,"href":"http:\/\/sg-mtg-psv-ma.de\/index.php?rest_route=\/wp\/v2\/pages\/2504\/revisions\/4776"}],"wp:attachment":[{"href":"http:\/\/sg-mtg-psv-ma.de\/index.php?rest_route=%2Fwp%2Fv2%2Fmedia&parent=2504"}],"curies":[{"name":"wp","href":"https:\/\/api.w.org\/{rel}","templated":true}]}}