{"id":3416,"date":"2023-03-23T12:55:02","date_gmt":"2023-03-23T11:55:02","guid":{"rendered":"http:\/\/sg-mtg-psv-ma.de\/?page_id=3416"},"modified":"2026-04-04T12:52:11","modified_gmt":"2026-04-04T11:52:11","slug":"handball-cup-am-neckarplatt-2023","status":"publish","type":"page","link":"http:\/\/sg-mtg-psv-ma.de\/?page_id=3416","title":{"rendered":"Handball-Cup am Neckarplatt"},"content":{"rendered":"\n<p>Die Planungen f\u00fcr das Turnier 2026 sind in vollem Gange. Auf dem Flyer findet ihr, wie ihr euch anmelden k\u00f6nnt. Es gibt noch Pl\u00e4tze!<\/p>\n\n\n\n<figure class=\"wp-block-image size-large\"><img fetchpriority=\"high\" decoding=\"async\" width=\"736\" height=\"1024\" src=\"http:\/\/sg-mtg-psv-ma.de\/wp-content\/uploads\/2026\/02\/Einladung-Handball-Cup-am-Neckarplatt-2026-736x1024.webp\" alt=\"\" class=\"wp-image-4880\" srcset=\"http:\/\/sg-mtg-psv-ma.de\/wp-content\/uploads\/2026\/02\/Einladung-Handball-Cup-am-Neckarplatt-2026-736x1024.webp 736w, http:\/\/sg-mtg-psv-ma.de\/wp-content\/uploads\/2026\/02\/Einladung-Handball-Cup-am-Neckarplatt-2026-216x300.webp 216w, http:\/\/sg-mtg-psv-ma.de\/wp-content\/uploads\/2026\/02\/Einladung-Handball-Cup-am-Neckarplatt-2026-768x1069.webp 768w, http:\/\/sg-mtg-psv-ma.de\/wp-content\/uploads\/2026\/02\/Einladung-Handball-Cup-am-Neckarplatt-2026-1104x1536.webp 1104w, http:\/\/sg-mtg-psv-ma.de\/wp-content\/uploads\/2026\/02\/Einladung-Handball-Cup-am-Neckarplatt-2026.webp 1368w\" sizes=\"(max-width: 736px) 100vw, 736px\" \/><\/figure>\n\n\n\n<p>Auf den Untermen\u00fcs seht ihr ein paar Fotos zu den vergangenen Turnieren.<\/p>\n","protected":false},"excerpt":{"rendered":"<p>Die Planungen f\u00fcr das Turnier 2026 sind in vollem Gange. Auf dem Flyer findet ihr, wie ihr euch anmelden k\u00f6nnt. Es gibt noch Pl\u00e4tze! Auf [&hellip;]<\/p>\n","protected":false},"author":3,"featured_media":0,"parent":0,"menu_order":0,"comment_status":"closed","ping_status":"closed","template":"","meta":{"footnotes":""},"class_list":["post-3416","page","type-page","status-publish","hentry","post"],"_links":{"self":[{"href":"http:\/\/sg-mtg-psv-ma.de\/index.php?rest_route=\/wp\/v2\/pages\/3416","targetHints":{"allow":["GET"]}}],"collection":[{"href":"http:\/\/sg-mtg-psv-ma.de\/index.php?rest_route=\/wp\/v2\/pages"}],"about":[{"href":"http:\/\/sg-mtg-psv-ma.de\/index.php?rest_route=\/wp\/v2\/types\/page"}],"author":[{"embeddable":true,"href":"http:\/\/sg-mtg-psv-ma.de\/index.php?rest_route=\/wp\/v2\/users\/3"}],"replies":[{"embeddable":true,"href":"http:\/\/sg-mtg-psv-ma.de\/index.php?rest_route=%2Fwp%2Fv2%2Fcomments&post=3416"}],"version-history":[{"count":6,"href":"http:\/\/sg-mtg-psv-ma.de\/index.php?rest_route=\/wp\/v2\/pages\/3416\/revisions"}],"predecessor-version":[{"id":4924,"href":"http:\/\/sg-mtg-psv-ma.de\/index.php?rest_route=\/wp\/v2\/pages\/3416\/revisions\/4924"}],"wp:attachment":[{"href":"http:\/\/sg-mtg-psv-ma.de\/index.php?rest_route=%2Fwp%2Fv2%2Fmedia&parent=3416"}],"curies":[{"name":"wp","href":"https:\/\/api.w.org\/{rel}","templated":true}]}}