{"id":3994,"date":"2023-07-22T04:50:44","date_gmt":"2023-07-22T03:50:44","guid":{"rendered":"http:\/\/sg-mtg-psv-ma.de\/?page_id=3994"},"modified":"2025-10-07T15:24:23","modified_gmt":"2025-10-07T14:24:23","slug":"damen-1-3","status":"publish","type":"page","link":"https:\/\/sg-mtg-psv-ma.de\/?page_id=3994","title":{"rendered":"Damen 1"},"content":{"rendered":"<div id=\"pl-gb3994-69fdb56b2f904\"  class=\"panel-layout\" ><div id=\"pg-gb3994-69fdb56b2f904-0\"  class=\"panel-grid panel-no-style\" ><div id=\"pgc-gb3994-69fdb56b2f904-0-0\"  class=\"panel-grid-cell\" ><div id=\"panel-gb3994-69fdb56b2f904-0-0-0\" class=\"so-panel widget widget_sow-post-carousel panel-first-child panel-last-child\" data-index=\"0\" ><div\n\t\t\t\n\t\t\tclass=\"so-widget-sow-post-carousel so-widget-sow-post-carousel-base-ad93eedad001-3994\"\n\t\t\t\n\t\t>\t<div\n\t\tclass=\"sow-post-carousel-wrapper sow-post-carousel-theme-base\"\n\t\tstyle=\"overflow: hidden; max-width: 100%; min-height: 182px\"\n\t>\n\t\t<div class=\"sow-carousel-title\">\n\t\t\t<div class=\"sow-carousel-navigation \">\n\t\t\t\t\t\t<a href=\"#\" class=\"sow-carousel-next\" title=\"Next\" aria-label=\"Next Posts\" role=\"button\"><\/a>\n\t\t\t\t\t\t<a href=\"#\" class=\"sow-carousel-previous\" title=\"Previous\" aria-label=\"Previous Posts\" role=\"button\"><\/a>\n\t\t\t\t\t<\/div>\n\t<\/div>\n\n<div class=\"sow-carousel-container \">\n\t\t<div class=\"sow-carousel-wrapper\"\n\t\tdata-dir=\"ltr\"\n\t\tstyle=\"opacity: 0;\"\n\t\tdata-widget=\"post\" data-fetching=\"false\" data-page=\"1\" data-ajax-url=\"https:\/\/sg-mtg-psv-ma.de\/wp-admin\/admin-ajax.php?_widgets_nonce=9c1afc99e1\" data-item_count=\"100\" data-carousel_settings=\"{&quot;loop&quot;:true,&quot;animation&quot;:&quot;Ease&quot;,&quot;animation_speed&quot;:400,&quot;autoplay&quot;:&quot;&quot;,&quot;pauseOnHover&quot;:&quot;&quot;,&quot;autoplaySpeed&quot;:8000,&quot;item_overflow&quot;:true,&quot;autoplay_continuous_scroll&quot;:false}\" data-responsive=\"{&quot;desktop_slides_to_scroll&quot;:1,&quot;tablet_landscape_breakpoint&quot;:1366,&quot;tablet_landscape_slides_to_scroll&quot;:2,&quot;tablet_portrait_breakpoint&quot;:1025,&quot;tablet_portrait_slides_to_scroll&quot;:2,&quot;mobile_breakpoint&quot;:480,&quot;mobile_slides_to_scroll&quot;:1}\" data-variable_width=\"true\" \t>\n\t\t<div\n\t\t\tclass=\"sow-carousel-items\"\n\t\t\t\t\t>\n\t\t\t\t<div class=\"sow-carousel-item\" tabindex=\"-1\" style=\"float: left;\">\n\t\t<div class=\"sow-carousel-thumbnail\">\n\t\t\t\t\t\t\t<a\n\t\t\t\t\thref=\"https:\/\/sg-mtg-psv-ma.de\/?p=4892\"\n\t\t\t\t\t\t\t\t\t\tstyle=\"background-image: url( https:\/\/sg-mtg-psv-ma.de\/wp-content\/uploads\/2026\/03\/27-29-272x182.webp )\"\n\t\t\t\t\taria-labelledby=\"sow-carousel-id-4892\"\n\t\t\t\t\ttabindex=\"-1\"\n\t\t\t\t>\n\t\t\t\t\t<span class=\"overlay\"><\/span>\n\t\t\t\t<\/a>\n\t\t\t\t\t<\/div>\n\t\t<h3 class=\"sow-carousel-item-title\">\n\t\t\t<a\n\t\t\t\thref=\"https:\/\/sg-mtg-psv-ma.de\/?p=4892\"\n\t\t\t\tid=\"sow-carousel-id-4892\"\n\t\t\t\t\t\t\t\ttabindex=\"-1\"\n\t\t\t>\n\n\t\t\t\tD1: Starker Ausw\u00e4rtssieg in Ilvesheim\t\t\t<\/a>\n\t\t<\/h3>\n\t<\/div>\n\t\t<div class=\"sow-carousel-item\" tabindex=\"-1\" style=\"float: left;\">\n\t\t<div class=\"sow-carousel-thumbnail\">\n\t\t\t\t\t\t\t<a\n\t\t\t\t\thref=\"https:\/\/sg-mtg-psv-ma.de\/?p=4887\"\n\t\t\t\t\t\t\t\t\t\tstyle=\"background-image: url( https:\/\/sg-mtg-psv-ma.de\/wp-content\/uploads\/2026\/03\/29-38-272x182.jpg )\"\n\t\t\t\t\taria-labelledby=\"sow-carousel-id-4887\"\n\t\t\t\t\ttabindex=\"-1\"\n\t\t\t\t>\n\t\t\t\t\t<span class=\"overlay\"><\/span>\n\t\t\t\t<\/a>\n\t\t\t\t\t<\/div>\n\t\t<h3 class=\"sow-carousel-item-title\">\n\t\t\t<a\n\t\t\t\thref=\"https:\/\/sg-mtg-psv-ma.de\/?p=4887\"\n\t\t\t\tid=\"sow-carousel-id-4887\"\n\t\t\t\t\t\t\t\ttabindex=\"-1\"\n\t\t\t>\n\n\t\t\t\tD1: Deutliche Heimschlappe trotz 11 Tore von Dilara\t\t\t<\/a>\n\t\t<\/h3>\n\t<\/div>\n\t\t<div class=\"sow-carousel-item\" tabindex=\"-1\" style=\"float: left;\">\n\t\t<div class=\"sow-carousel-thumbnail\">\n\t\t\t\t\t\t\t<a\n\t\t\t\t\thref=\"https:\/\/sg-mtg-psv-ma.de\/?p=4882\"\n\t\t\t\t\t\t\t\t\t\tstyle=\"background-image: url( https:\/\/sg-mtg-psv-ma.de\/wp-content\/uploads\/2026\/02\/25-17-4-272x182.jpg )\"\n\t\t\t\t\taria-labelledby=\"sow-carousel-id-4882\"\n\t\t\t\t\ttabindex=\"-1\"\n\t\t\t\t>\n\t\t\t\t\t<span class=\"overlay\"><\/span>\n\t\t\t\t<\/a>\n\t\t\t\t\t<\/div>\n\t\t<h3 class=\"sow-carousel-item-title\">\n\t\t\t<a\n\t\t\t\thref=\"https:\/\/sg-mtg-psv-ma.de\/?p=4882\"\n\t\t\t\tid=\"sow-carousel-id-4882\"\n\t\t\t\t\t\t\t\ttabindex=\"-1\"\n\t\t\t>\n\n\t\t\t\tD1: \u00dcBERZEUGENDER HEIMSIEG\t\t\t<\/a>\n\t\t<\/h3>\n\t<\/div>\n\t\t<div class=\"sow-carousel-item\" tabindex=\"-1\" style=\"float: left;\">\n\t\t<div class=\"sow-carousel-thumbnail\">\n\t\t\t\t\t\t\t<a\n\t\t\t\t\thref=\"https:\/\/sg-mtg-psv-ma.de\/?p=4877\"\n\t\t\t\t\tclass=\"sow-carousel-default-thumbnail\"\n\t\t\t\t\t\t\t\t\t\t\t\t\t\t\taria-labelledby=\"sow-carousel-id-4877\"\n\t\t\t\t\ttabindex=\"-1\"\n\t\t\t\t>\n\t\t\t\t\t<span class=\"overlay\"><\/span>\n\t\t\t\t<\/a>\n\t\t\t\t\t<\/div>\n\t\t<h3 class=\"sow-carousel-item-title\">\n\t\t\t<a\n\t\t\t\thref=\"https:\/\/sg-mtg-psv-ma.de\/?p=4877\"\n\t\t\t\tid=\"sow-carousel-id-4877\"\n\t\t\t\t\t\t\t\ttabindex=\"-1\"\n\t\t\t>\n\n\t\t\t\tD1: Deutliche Niederlage im R\u00fcckspiel gegen die SG HD-Kirchheim\t\t\t<\/a>\n\t\t<\/h3>\n\t<\/div>\n\t\t<div class=\"sow-carousel-item\" tabindex=\"-1\" style=\"float: left;\">\n\t\t<div class=\"sow-carousel-thumbnail\">\n\t\t\t\t\t\t\t<a\n\t\t\t\t\thref=\"https:\/\/sg-mtg-psv-ma.de\/?p=4869\"\n\t\t\t\t\t\t\t\t\t\tstyle=\"background-image: url( https:\/\/sg-mtg-psv-ma.de\/wp-content\/uploads\/2026\/01\/d1af2e45-cf60-4ade-a42d-26d6f496a1f9-e1768213187532-272x182.webp )\"\n\t\t\t\t\taria-labelledby=\"sow-carousel-id-4869\"\n\t\t\t\t\ttabindex=\"-1\"\n\t\t\t\t>\n\t\t\t\t\t<span class=\"overlay\"><\/span>\n\t\t\t\t<\/a>\n\t\t\t\t\t<\/div>\n\t\t<h3 class=\"sow-carousel-item-title\">\n\t\t\t<a\n\t\t\t\thref=\"https:\/\/sg-mtg-psv-ma.de\/?p=4869\"\n\t\t\t\tid=\"sow-carousel-id-4869\"\n\t\t\t\t\t\t\t\ttabindex=\"-1\"\n\t\t\t>\n\n\t\t\t\tD1: Deutliche Niederlage nach der Winterpause gegen HSG Bergstra\u00dfe mit\u00a020:32 (12:13)\t\t\t<\/a>\n\t\t<\/h3>\n\t<\/div>\n\t\t<div class=\"sow-carousel-item\" tabindex=\"-1\" style=\"float: left;\">\n\t\t<div class=\"sow-carousel-thumbnail\">\n\t\t\t\t\t\t\t<a\n\t\t\t\t\thref=\"https:\/\/sg-mtg-psv-ma.de\/?p=4863\"\n\t\t\t\t\t\t\t\t\t\tstyle=\"background-image: url( https:\/\/sg-mtg-psv-ma.de\/wp-content\/uploads\/2025\/12\/D1-251214-e1768213143970-272x182.jpeg )\"\n\t\t\t\t\taria-labelledby=\"sow-carousel-id-4863\"\n\t\t\t\t\ttabindex=\"-1\"\n\t\t\t\t>\n\t\t\t\t\t<span class=\"overlay\"><\/span>\n\t\t\t\t<\/a>\n\t\t\t\t\t<\/div>\n\t\t<h3 class=\"sow-carousel-item-title\">\n\t\t\t<a\n\t\t\t\thref=\"https:\/\/sg-mtg-psv-ma.de\/?p=4863\"\n\t\t\t\tid=\"sow-carousel-id-4863\"\n\t\t\t\t\t\t\t\ttabindex=\"-1\"\n\t\t\t>\n\n\t\t\t\tD1: \u00dcberzeugender Ausw\u00e4rtssieg in Heidelberg\t\t\t<\/a>\n\t\t<\/h3>\n\t<\/div>\n\t\t<div class=\"sow-carousel-item\" tabindex=\"-1\" style=\"float: left;\">\n\t\t<div class=\"sow-carousel-thumbnail\">\n\t\t\t\t\t\t\t<a\n\t\t\t\t\thref=\"https:\/\/sg-mtg-psv-ma.de\/?p=4861\"\n\t\t\t\t\tclass=\"sow-carousel-default-thumbnail\"\n\t\t\t\t\t\t\t\t\t\t\t\t\t\t\taria-labelledby=\"sow-carousel-id-4861\"\n\t\t\t\t\ttabindex=\"-1\"\n\t\t\t\t>\n\t\t\t\t\t<span class=\"overlay\"><\/span>\n\t\t\t\t<\/a>\n\t\t\t\t\t<\/div>\n\t\t<h3 class=\"sow-carousel-item-title\">\n\t\t\t<a\n\t\t\t\thref=\"https:\/\/sg-mtg-psv-ma.de\/?p=4861\"\n\t\t\t\tid=\"sow-carousel-id-4861\"\n\t\t\t\t\t\t\t\ttabindex=\"-1\"\n\t\t\t>\n\n\t\t\t\tD1: Knappe Niederlage in Weinheim\t\t\t<\/a>\n\t\t<\/h3>\n\t<\/div>\n\t\t<div class=\"sow-carousel-item\" tabindex=\"-1\" style=\"float: left;\">\n\t\t<div class=\"sow-carousel-thumbnail\">\n\t\t\t\t\t\t\t<a\n\t\t\t\t\thref=\"https:\/\/sg-mtg-psv-ma.de\/?p=4858\"\n\t\t\t\t\t\t\t\t\t\tstyle=\"background-image: url( https:\/\/sg-mtg-psv-ma.de\/wp-content\/uploads\/2025\/12\/D1-251122-272x182.jpeg )\"\n\t\t\t\t\taria-labelledby=\"sow-carousel-id-4858\"\n\t\t\t\t\ttabindex=\"-1\"\n\t\t\t\t>\n\t\t\t\t\t<span class=\"overlay\"><\/span>\n\t\t\t\t<\/a>\n\t\t\t\t\t<\/div>\n\t\t<h3 class=\"sow-carousel-item-title\">\n\t\t\t<a\n\t\t\t\thref=\"https:\/\/sg-mtg-psv-ma.de\/?p=4858\"\n\t\t\t\tid=\"sow-carousel-id-4858\"\n\t\t\t\t\t\t\t\ttabindex=\"-1\"\n\t\t\t>\n\n\t\t\t\tD1-Verdienter Heimsieg gegen Tabellenf\u00fchrer\t\t\t<\/a>\n\t\t<\/h3>\n\t<\/div>\n\t\t<div class=\"sow-carousel-item\" tabindex=\"-1\" style=\"float: left;\">\n\t\t<div class=\"sow-carousel-thumbnail\">\n\t\t\t\t\t\t\t<a\n\t\t\t\t\thref=\"https:\/\/sg-mtg-psv-ma.de\/?p=4851\"\n\t\t\t\t\t\t\t\t\t\tstyle=\"background-image: url( https:\/\/sg-mtg-psv-ma.de\/wp-content\/uploads\/2025\/11\/D1-16.11-272x182.jpg )\"\n\t\t\t\t\taria-labelledby=\"sow-carousel-id-4851\"\n\t\t\t\t\ttabindex=\"-1\"\n\t\t\t\t>\n\t\t\t\t\t<span class=\"overlay\"><\/span>\n\t\t\t\t<\/a>\n\t\t\t\t\t<\/div>\n\t\t<h3 class=\"sow-carousel-item-title\">\n\t\t\t<a\n\t\t\t\thref=\"https:\/\/sg-mtg-psv-ma.de\/?p=4851\"\n\t\t\t\tid=\"sow-carousel-id-4851\"\n\t\t\t\t\t\t\t\ttabindex=\"-1\"\n\t\t\t>\n\n\t\t\t\tD1: erster Saisonsieg\t\t\t<\/a>\n\t\t<\/h3>\n\t<\/div>\n\t\t<div class=\"sow-carousel-item\" tabindex=\"-1\" style=\"float: left;\">\n\t\t<div class=\"sow-carousel-thumbnail\">\n\t\t\t\t\t\t\t<a\n\t\t\t\t\thref=\"https:\/\/sg-mtg-psv-ma.de\/?p=4854\"\n\t\t\t\t\t\t\t\t\t\tstyle=\"background-image: url( https:\/\/sg-mtg-psv-ma.de\/wp-content\/uploads\/2025\/11\/D1-9.11-272x182.jpeg )\"\n\t\t\t\t\taria-labelledby=\"sow-carousel-id-4854\"\n\t\t\t\t\ttabindex=\"-1\"\n\t\t\t\t>\n\t\t\t\t\t<span class=\"overlay\"><\/span>\n\t\t\t\t<\/a>\n\t\t\t\t\t<\/div>\n\t\t<h3 class=\"sow-carousel-item-title\">\n\t\t\t<a\n\t\t\t\thref=\"https:\/\/sg-mtg-psv-ma.de\/?p=4854\"\n\t\t\t\tid=\"sow-carousel-id-4854\"\n\t\t\t\t\t\t\t\ttabindex=\"-1\"\n\t\t\t>\n\n\t\t\t\tD1: Heim-Derby gegen SV Waldhof geht unentschieden aus\t\t\t<\/a>\n\t\t<\/h3>\n\t<\/div>\n\t\t\t<\/div>\n\t\t\t<\/div>\n\n\t<\/div>\n\t\t<input type=\"hidden\" name=\"instance_hash\" value=\"8c2612f2\"\/>\n\t<\/div>\n<\/div><\/div><\/div><\/div><\/div>\n\n\n<p>Trainingszeiten:<br>Dienstag, 20:00 \u2013 21:30 Uhr, Rhein-Neckar Halle<br>Donnerstag, 20:00 \u2013 21:30 Uhr, Schwetzinger-Vorstadt-Halle<\/p>\n\n\n\n<p>Spielplan<\/p>\n\n\n<script> (function(e,t,n,r,i,s,o){e[i]=e[i]||function(){(e[i].q=e[i].q||[]).push(arguments)}, e[i].l=1*new Date;s=t.createElement(n),o=t.getElementsByTagName(n)[0];s.async=1; s.src=r;o.parentNode.insertBefore(s,o)})(window,document,\"script\", 'https:\/\/www.handball.net\/widgets\/embed\/v1.js',\"_hb\"); <\/script>\n\n<div id=\"handball-spielplan\"><\/div>\n\n<script> _hb({ widget: 'spielplan', teamId: 'handball4all.baden-wuerttemberg.1320471', container: 'handball-spielplan' }) <\/script>\n\n\n\n<p>Saison 2023\/24<\/p>\n\n\n\n<p>In der Saison 23\/24 haben wir in der 1. Bezirksliga einen starken dritten Platz erreicht. Normalerweise h\u00e4tte das weder einen Auf- noch Abstieg bedeutet, aber \u2013 \u00dcberraschung \u2013 zur kommenden Saison hei\u00dft die Liga nun Bezirksoberliga. Klingt direkt nach Ver\u00e4nderung, oder?<\/p>\n\n\n\n<p>Zum Ende der Saison mussten wir jedoch unseren Trainer Andreas, der uns mit viel Engagement durch die letzte Saison gef\u00fchrt hat, verabschieden. Aber wir freuen uns daf\u00fcr umso mehr, einen alten Bekannten als neuen Trainer begr\u00fc\u00dfen zu d\u00fcrfen.&nbsp;<strong>Willkommen Harry!<\/strong>&nbsp;Harry bring viel Erfahrung mit und war bereits in der Vergangenheit als Trainer in der SG MTG\/PSV Mannheim t\u00e4tig. Er startet motiviert mit uns in die neue Saison, obwohl wir es ihm nicht ganz so leicht machen: Durch einige Abg\u00e4nge aufgrund von Handballrente, Schwangerschaft oder Verletzungen war unser Kader kurzfristig ziemlich klein. Gl\u00fccklicherweise haben wir inzwischen neben einigen ganz neuen Spielerinnen auch Spielerinnen aus der zweiten Damenmannschaft zu uns hochziehen k\u00f6nnen.<\/p>\n\n\n\n<p>Das ist eine recht neue Zusammenstellung, und wir m\u00fcssen uns als Team erst einmal finden. Doch mit Harrys Fokus auf Ausdauer, Schnelligkeit im Angriff und einer flexiblen Abwehr sind wir bereit, uns der Herausforderung zu stellen. Nach einer abgeschlossenen Vorbereitung mit drei Trainings die Woche sowie einem Trainingslager, trainieren wir nun wieder wie gehabt zweimal die Woche.&nbsp;<\/p>\n\n\n\n<p>Abseits des Spielfeldes sind wir weiterhin eine bunt gemischte Truppe, von geb\u00fcrtigen Mannheimerinnen bis hin zu Spielerinnen, die f\u00fcr Studium oder Beruf in die Stadt gezogen sind. Neben dem Handball verbindet uns auch die Freude an gemeinsamen Aktivit\u00e4ten, wie die Planwagenfahrt in der Pfalz oder unsere legend\u00e4re Abschlussfahrt (zB nach Malle, zum Sound of the Forest Festival oder dieses Jahr in ein Ferienhaus nach Belgien). Auch w\u00e4hrend der Saison unternehmen wir viel zusammen \u2013 sei es nach dem Spiel zum Essen gehen, anderen beim Sport zuschauen, Gl\u00fchwein-Tasting oder ein gem\u00fctlicher Bastel- oder Backabend. Nicht zu vergessen: Flunkyball nach Heimspieltagen!<\/p>\n\n\n\n<p>Wenn Du Lust hast, in Mannheim Handball zu spielen \u2013 sei es nach einer Pause oder weil du neu in der Stadt bist \u2013 komm gerne vorbei! Schreib uns eine Email, melde dich auf Instagram (@handballinmannheim) oder schau einfach beim Training vorbei:<\/p>\n\n\n\n<p><\/p>\n","protected":false},"excerpt":{"rendered":"<p>Trainingszeiten:Dienstag, 20:00 \u2013 21:30 Uhr, Rhein-Neckar HalleDonnerstag, 20:00 \u2013 21:30 Uhr, Schwetzinger-Vorstadt-Halle Spielplan Saison 2023\/24 In der Saison 23\/24 haben wir in der 1. Bezirksliga [&hellip;]<\/p>\n","protected":false},"author":3,"featured_media":4802,"parent":0,"menu_order":0,"comment_status":"closed","ping_status":"closed","template":"","meta":{"footnotes":""},"class_list":["post-3994","page","type-page","status-publish","has-post-thumbnail","hentry","post","post-with-thumbnail","post-with-thumbnail-large"],"_links":{"self":[{"href":"https:\/\/sg-mtg-psv-ma.de\/index.php?rest_route=\/wp\/v2\/pages\/3994","targetHints":{"allow":["GET"]}}],"collection":[{"href":"https:\/\/sg-mtg-psv-ma.de\/index.php?rest_route=\/wp\/v2\/pages"}],"about":[{"href":"https:\/\/sg-mtg-psv-ma.de\/index.php?rest_route=\/wp\/v2\/types\/page"}],"author":[{"embeddable":true,"href":"https:\/\/sg-mtg-psv-ma.de\/index.php?rest_route=\/wp\/v2\/users\/3"}],"replies":[{"embeddable":true,"href":"https:\/\/sg-mtg-psv-ma.de\/index.php?rest_route=%2Fwp%2Fv2%2Fcomments&post=3994"}],"version-history":[{"count":14,"href":"https:\/\/sg-mtg-psv-ma.de\/index.php?rest_route=\/wp\/v2\/pages\/3994\/revisions"}],"predecessor-version":[{"id":4811,"href":"https:\/\/sg-mtg-psv-ma.de\/index.php?rest_route=\/wp\/v2\/pages\/3994\/revisions\/4811"}],"wp:featuredmedia":[{"embeddable":true,"href":"https:\/\/sg-mtg-psv-ma.de\/index.php?rest_route=\/wp\/v2\/media\/4802"}],"wp:attachment":[{"href":"https:\/\/sg-mtg-psv-ma.de\/index.php?rest_route=%2Fwp%2Fv2%2Fmedia&parent=3994"}],"curies":[{"name":"wp","href":"https:\/\/api.w.org\/{rel}","templated":true}]}}